{"id":1024,"date":"2025-04-23T14:14:55","date_gmt":"2025-04-23T12:14:55","guid":{"rendered":"https:\/\/www.spirit-us.eu\/?post_type=product&#038;p=1024"},"modified":"2025-10-31T18:14:12","modified_gmt":"2025-10-31T17:14:12","slug":"devenez-voyant-e-meditation-pour-favoriser-la-precognition","status":"publish","type":"product","link":"https:\/\/www.spirit-us.eu\/index.php\/produit\/devenez-voyant-e-meditation-pour-favoriser-la-precognition\/","title":{"rendered":"DEVENEZ VOYANT.E : M\u00e9ditation pour favoriser la pr\u00e9cognition"},"content":{"rendered":"<p>Des recherches scientifiques r\u00e9centes en psychologie cognitive, ont d\u00e9montr\u00e9 que le cerveau humain est non seulement capable de pr\u00e9voir l\u2019avenir, donc de proph\u00e9tiser, mais il est en outre parfaitement apte \u00e0 \u00e9valuer cette vision comme \u00e9tant favorable ou non.<\/p>\n<p>Le pr\u00e9sent audio travaille en psycho-spiritualit\u00e9 et explore cette capacit\u00e9 \u00e0 pr\u00e9dire l\u2019avenir, un ph\u00e9nom\u00e8ne connu \u00e0 travers toute l\u2019histoire de l\u2019humanit\u00e9 : trois mill\u00e9naires de proph\u00e9ties, minutieusement \u00e9tudi\u00e9es par les philosophes de tous les temps et rejet\u00e9es par les religions r\u00e9v\u00e9l\u00e9es pour maintenir un discours officiel modulant les croyances et les superstitions et rejetant cette puissante facult\u00e9 que nous avons tout.es.<\/p>\n<p>Notre postulat est que tout le monde peut l\u00e9gitimement se servir de cette belle facult\u00e9 qu\u2019a notre cerveau\u00a0: de pr\u00e9voir les choses \u00e0 venir, pour les g\u00e9rer au mieux, surmonter victorieusement les \u00e9preuves de la vie et pour rendre gr\u00e2ce pour les bonheurs que nous r\u00e9serve le divin, par des voies parfois inattendues. L\u2019art divinatoire \u2013 celui de se connecter au plan divin pour nos vies \u2013 est \u00e0 port\u00e9e de tout le monde, il n\u2019est que de l\u2019apprendre, avec patience, amour et foi.<\/p>\n<p>Voici un premier soin pour d\u00e9ployer vos ailes dans le monde de la pr\u00e9cognition, de l\u2019art divinatoire (celui de parler \u00e0 Dieu) \u2013 donc de la voyance divine et belle, r\u00e9pondant \u00e0 une \u00e9thique solide.<\/p>\n","protected":false},"excerpt":{"rendered":"<p>45 minutes pour apprendre la voyance et un soin d\u00e9crit dans le document joint \u00e0 ce soin.<\/p>\n<p>Une musique l\u2019accompagne, permettant d\u2019ancrer davantage encore en soi cet apprentissage magique et puissant.<\/p>\n<p>Un script totalement original et nouveau, que vous ne trouverez nulle par ailleurs.<\/p>\n<p>Une notice explicative, claire et joliment pr\u00e9sent\u00e9e,\u00a0 l\u2019accompagne.<\/p>\n","protected":false},"featured_media":1025,"comment_status":"open","ping_status":"closed","template":"","meta":[],"product_brand":[],"product_cat":[155,161,17],"product_tag":[],"mwb_booking_cost":[],"mwb_booking_service":[],"class_list":{"0":"post-1024","1":"product","2":"type-product","3":"status-publish","4":"has-post-thumbnail","6":"product_cat-02-soins-accueil","7":"product_cat-09-tarots-voyance","8":"product_cat-tous-les-produits","10":"first","11":"instock","12":"downloadable","13":"virtual","14":"purchasable","15":"product-type-simple"},"yoast_head":"<!-- This site is optimized with the Yoast SEO plugin v27.1.1 - https:\/\/yoast.com\/product\/yoast-seo-wordpress\/ -->\n<title>DEVENEZ VOYANT.E : M\u00e9ditation pour favoriser la pr\u00e9cognition - Spirit-US<\/title>\n<meta name=\"robots\" content=\"index, follow, max-snippet:-1, max-image-preview:large, max-video-preview:-1\" \/>\n<link rel=\"canonical\" href=\"https:\/\/www.spirit-us.eu\/index.php\/produit\/devenez-voyant-e-meditation-pour-favoriser-la-precognition\/\" \/>\n<meta property=\"og:locale\" content=\"fr_FR\" \/>\n<meta property=\"og:type\" content=\"article\" \/>\n<meta property=\"og:title\" content=\"DEVENEZ VOYANT.E : M\u00e9ditation pour favoriser la pr\u00e9cognition - Spirit-US\" \/>\n<meta property=\"og:description\" content=\"45 minutes pour apprendre la voyance et un soin d\u00e9crit dans le document joint \u00e0 ce soin.  Une musique l\u2019accompagne, permettant d\u2019ancrer davantage encore en soi cet apprentissage magique et puissant.  Un script totalement original et nouveau, que vous ne trouverez nulle par ailleurs.  Une notice explicative, claire et joliment pr\u00e9sent\u00e9e,\u00a0 l\u2019accompagne.\" \/>\n<meta property=\"og:url\" content=\"https:\/\/www.spirit-us.eu\/index.php\/produit\/devenez-voyant-e-meditation-pour-favoriser-la-precognition\/\" \/>\n<meta property=\"og:site_name\" content=\"Spirit-US\" \/>\n<meta property=\"article:publisher\" content=\"https:\/\/www.facebook.com\/spirit.us.deum\" \/>\n<meta property=\"article:modified_time\" content=\"2025-10-31T17:14:12+00:00\" \/>\n<meta property=\"og:image\" content=\"https:\/\/www.spirit-us.eu\/wp-content\/uploads\/2025\/04\/La-sphere-de-cristal.png\" \/>\n\t<meta property=\"og:image:width\" content=\"1080\" \/>\n\t<meta property=\"og:image:height\" content=\"1080\" \/>\n\t<meta property=\"og:image:type\" content=\"image\/png\" \/>\n<meta name=\"twitter:card\" content=\"summary_large_image\" \/>\n<meta name=\"twitter:label1\" content=\"Dur\u00e9e de lecture estim\u00e9e\" \/>\n\t<meta name=\"twitter:data1\" content=\"1 minute\" \/>\n<script type=\"application\/ld+json\" class=\"yoast-schema-graph\">{\"@context\":\"https:\/\/schema.org\",\"@graph\":[{\"@type\":\"WebPage\",\"@id\":\"https:\/\/www.spirit-us.eu\/index.php\/produit\/devenez-voyant-e-meditation-pour-favoriser-la-precognition\/\",\"url\":\"https:\/\/www.spirit-us.eu\/index.php\/produit\/devenez-voyant-e-meditation-pour-favoriser-la-precognition\/\",\"name\":\"DEVENEZ VOYANT.E : M\u00e9ditation pour favoriser la pr\u00e9cognition - Spirit-US\",\"isPartOf\":{\"@id\":\"https:\/\/www.spirit-us.eu\/#website\"},\"primaryImageOfPage\":{\"@id\":\"https:\/\/www.spirit-us.eu\/index.php\/produit\/devenez-voyant-e-meditation-pour-favoriser-la-precognition\/#primaryimage\"},\"image\":{\"@id\":\"https:\/\/www.spirit-us.eu\/index.php\/produit\/devenez-voyant-e-meditation-pour-favoriser-la-precognition\/#primaryimage\"},\"thumbnailUrl\":\"https:\/\/www.spirit-us.eu\/wp-content\/uploads\/2025\/04\/La-sphere-de-cristal.png\",\"datePublished\":\"2025-04-23T12:14:55+00:00\",\"dateModified\":\"2025-10-31T17:14:12+00:00\",\"breadcrumb\":{\"@id\":\"https:\/\/www.spirit-us.eu\/index.php\/produit\/devenez-voyant-e-meditation-pour-favoriser-la-precognition\/#breadcrumb\"},\"inLanguage\":\"fr-FR\",\"potentialAction\":[{\"@type\":\"ReadAction\",\"target\":[\"https:\/\/www.spirit-us.eu\/index.php\/produit\/devenez-voyant-e-meditation-pour-favoriser-la-precognition\/\"]}]},{\"@type\":\"ImageObject\",\"inLanguage\":\"fr-FR\",\"@id\":\"https:\/\/www.spirit-us.eu\/index.php\/produit\/devenez-voyant-e-meditation-pour-favoriser-la-precognition\/#primaryimage\",\"url\":\"https:\/\/www.spirit-us.eu\/wp-content\/uploads\/2025\/04\/La-sphere-de-cristal.png\",\"contentUrl\":\"https:\/\/www.spirit-us.eu\/wp-content\/uploads\/2025\/04\/La-sphere-de-cristal.png\",\"width\":1080,\"height\":1080},{\"@type\":\"BreadcrumbList\",\"@id\":\"https:\/\/www.spirit-us.eu\/index.php\/produit\/devenez-voyant-e-meditation-pour-favoriser-la-precognition\/#breadcrumb\",\"itemListElement\":[{\"@type\":\"ListItem\",\"position\":1,\"name\":\"Accueil\",\"item\":\"https:\/\/www.spirit-us.eu\/\"},{\"@type\":\"ListItem\",\"position\":2,\"name\":\"Boutique\",\"item\":\"https:\/\/www.spirit-us.eu\/index.php\/boutique\/\"},{\"@type\":\"ListItem\",\"position\":3,\"name\":\"DEVENEZ VOYANT.E : M\u00e9ditation pour favoriser la pr\u00e9cognition\"}]},{\"@type\":\"WebSite\",\"@id\":\"https:\/\/www.spirit-us.eu\/#website\",\"url\":\"https:\/\/www.spirit-us.eu\/\",\"name\":\"Spirit-US\",\"description\":\"\",\"publisher\":{\"@id\":\"https:\/\/www.spirit-us.eu\/#organization\"},\"potentialAction\":[{\"@type\":\"SearchAction\",\"target\":{\"@type\":\"EntryPoint\",\"urlTemplate\":\"https:\/\/www.spirit-us.eu\/?s={search_term_string}\"},\"query-input\":{\"@type\":\"PropertyValueSpecification\",\"valueRequired\":true,\"valueName\":\"search_term_string\"}}],\"inLanguage\":\"fr-FR\"},{\"@type\":\"Organization\",\"@id\":\"https:\/\/www.spirit-us.eu\/#organization\",\"name\":\"Spirit-US\",\"url\":\"https:\/\/www.spirit-us.eu\/\",\"logo\":{\"@type\":\"ImageObject\",\"inLanguage\":\"fr-FR\",\"@id\":\"https:\/\/www.spirit-us.eu\/#\/schema\/logo\/image\/\",\"url\":\"https:\/\/www.spirit-us.eu\/wp-content\/uploads\/2025\/11\/logo-regarde-linterlocutrice-sans-arrriere-plan.jpg\",\"contentUrl\":\"https:\/\/www.spirit-us.eu\/wp-content\/uploads\/2025\/11\/logo-regarde-linterlocutrice-sans-arrriere-plan.jpg\",\"width\":1080,\"height\":1080,\"caption\":\"Spirit-US\"},\"image\":{\"@id\":\"https:\/\/www.spirit-us.eu\/#\/schema\/logo\/image\/\"},\"sameAs\":[\"https:\/\/www.facebook.com\/spirit.us.deum\"]}]}<\/script>\n<!-- \/ Yoast SEO plugin. -->","yoast_head_json":{"title":"DEVENEZ VOYANT.E : M\u00e9ditation pour favoriser la pr\u00e9cognition - Spirit-US","robots":{"index":"index","follow":"follow","max-snippet":"max-snippet:-1","max-image-preview":"max-image-preview:large","max-video-preview":"max-video-preview:-1"},"canonical":"https:\/\/www.spirit-us.eu\/index.php\/produit\/devenez-voyant-e-meditation-pour-favoriser-la-precognition\/","og_locale":"fr_FR","og_type":"article","og_title":"DEVENEZ VOYANT.E : M\u00e9ditation pour favoriser la pr\u00e9cognition - Spirit-US","og_description":"45 minutes pour apprendre la voyance et un soin d\u00e9crit dans le document joint \u00e0 ce soin.  Une musique l\u2019accompagne, permettant d\u2019ancrer davantage encore en soi cet apprentissage magique et puissant.  Un script totalement original et nouveau, que vous ne trouverez nulle par ailleurs.  Une notice explicative, claire et joliment pr\u00e9sent\u00e9e,\u00a0 l\u2019accompagne.","og_url":"https:\/\/www.spirit-us.eu\/index.php\/produit\/devenez-voyant-e-meditation-pour-favoriser-la-precognition\/","og_site_name":"Spirit-US","article_publisher":"https:\/\/www.facebook.com\/spirit.us.deum","article_modified_time":"2025-10-31T17:14:12+00:00","og_image":[{"width":1080,"height":1080,"url":"https:\/\/www.spirit-us.eu\/wp-content\/uploads\/2025\/04\/La-sphere-de-cristal.png","type":"image\/png"}],"twitter_card":"summary_large_image","twitter_misc":{"Dur\u00e9e de lecture estim\u00e9e":"1 minute"},"schema":{"@context":"https:\/\/schema.org","@graph":[{"@type":"WebPage","@id":"https:\/\/www.spirit-us.eu\/index.php\/produit\/devenez-voyant-e-meditation-pour-favoriser-la-precognition\/","url":"https:\/\/www.spirit-us.eu\/index.php\/produit\/devenez-voyant-e-meditation-pour-favoriser-la-precognition\/","name":"DEVENEZ VOYANT.E : M\u00e9ditation pour favoriser la pr\u00e9cognition - Spirit-US","isPartOf":{"@id":"https:\/\/www.spirit-us.eu\/#website"},"primaryImageOfPage":{"@id":"https:\/\/www.spirit-us.eu\/index.php\/produit\/devenez-voyant-e-meditation-pour-favoriser-la-precognition\/#primaryimage"},"image":{"@id":"https:\/\/www.spirit-us.eu\/index.php\/produit\/devenez-voyant-e-meditation-pour-favoriser-la-precognition\/#primaryimage"},"thumbnailUrl":"https:\/\/www.spirit-us.eu\/wp-content\/uploads\/2025\/04\/La-sphere-de-cristal.png","datePublished":"2025-04-23T12:14:55+00:00","dateModified":"2025-10-31T17:14:12+00:00","breadcrumb":{"@id":"https:\/\/www.spirit-us.eu\/index.php\/produit\/devenez-voyant-e-meditation-pour-favoriser-la-precognition\/#breadcrumb"},"inLanguage":"fr-FR","potentialAction":[{"@type":"ReadAction","target":["https:\/\/www.spirit-us.eu\/index.php\/produit\/devenez-voyant-e-meditation-pour-favoriser-la-precognition\/"]}]},{"@type":"ImageObject","inLanguage":"fr-FR","@id":"https:\/\/www.spirit-us.eu\/index.php\/produit\/devenez-voyant-e-meditation-pour-favoriser-la-precognition\/#primaryimage","url":"https:\/\/www.spirit-us.eu\/wp-content\/uploads\/2025\/04\/La-sphere-de-cristal.png","contentUrl":"https:\/\/www.spirit-us.eu\/wp-content\/uploads\/2025\/04\/La-sphere-de-cristal.png","width":1080,"height":1080},{"@type":"BreadcrumbList","@id":"https:\/\/www.spirit-us.eu\/index.php\/produit\/devenez-voyant-e-meditation-pour-favoriser-la-precognition\/#breadcrumb","itemListElement":[{"@type":"ListItem","position":1,"name":"Accueil","item":"https:\/\/www.spirit-us.eu\/"},{"@type":"ListItem","position":2,"name":"Boutique","item":"https:\/\/www.spirit-us.eu\/index.php\/boutique\/"},{"@type":"ListItem","position":3,"name":"DEVENEZ VOYANT.E : M\u00e9ditation pour favoriser la pr\u00e9cognition"}]},{"@type":"WebSite","@id":"https:\/\/www.spirit-us.eu\/#website","url":"https:\/\/www.spirit-us.eu\/","name":"Spirit-US","description":"","publisher":{"@id":"https:\/\/www.spirit-us.eu\/#organization"},"potentialAction":[{"@type":"SearchAction","target":{"@type":"EntryPoint","urlTemplate":"https:\/\/www.spirit-us.eu\/?s={search_term_string}"},"query-input":{"@type":"PropertyValueSpecification","valueRequired":true,"valueName":"search_term_string"}}],"inLanguage":"fr-FR"},{"@type":"Organization","@id":"https:\/\/www.spirit-us.eu\/#organization","name":"Spirit-US","url":"https:\/\/www.spirit-us.eu\/","logo":{"@type":"ImageObject","inLanguage":"fr-FR","@id":"https:\/\/www.spirit-us.eu\/#\/schema\/logo\/image\/","url":"https:\/\/www.spirit-us.eu\/wp-content\/uploads\/2025\/11\/logo-regarde-linterlocutrice-sans-arrriere-plan.jpg","contentUrl":"https:\/\/www.spirit-us.eu\/wp-content\/uploads\/2025\/11\/logo-regarde-linterlocutrice-sans-arrriere-plan.jpg","width":1080,"height":1080,"caption":"Spirit-US"},"image":{"@id":"https:\/\/www.spirit-us.eu\/#\/schema\/logo\/image\/"},"sameAs":["https:\/\/www.facebook.com\/spirit.us.deum"]}]}},"jetpack_sharing_enabled":true,"_links":{"self":[{"href":"https:\/\/www.spirit-us.eu\/index.php\/wp-json\/wp\/v2\/product\/1024","targetHints":{"allow":["GET"]}}],"collection":[{"href":"https:\/\/www.spirit-us.eu\/index.php\/wp-json\/wp\/v2\/product"}],"about":[{"href":"https:\/\/www.spirit-us.eu\/index.php\/wp-json\/wp\/v2\/types\/product"}],"replies":[{"embeddable":true,"href":"https:\/\/www.spirit-us.eu\/index.php\/wp-json\/wp\/v2\/comments?post=1024"}],"wp:featuredmedia":[{"embeddable":true,"href":"https:\/\/www.spirit-us.eu\/index.php\/wp-json\/wp\/v2\/media\/1025"}],"wp:attachment":[{"href":"https:\/\/www.spirit-us.eu\/index.php\/wp-json\/wp\/v2\/media?parent=1024"}],"wp:term":[{"taxonomy":"product_brand","embeddable":true,"href":"https:\/\/www.spirit-us.eu\/index.php\/wp-json\/wp\/v2\/product_brand?post=1024"},{"taxonomy":"product_cat","embeddable":true,"href":"https:\/\/www.spirit-us.eu\/index.php\/wp-json\/wp\/v2\/product_cat?post=1024"},{"taxonomy":"product_tag","embeddable":true,"href":"https:\/\/www.spirit-us.eu\/index.php\/wp-json\/wp\/v2\/product_tag?post=1024"},{"taxonomy":"mwb_booking_cost","embeddable":true,"href":"https:\/\/www.spirit-us.eu\/index.php\/wp-json\/wp\/v2\/mwb_booking_cost?post=1024"},{"taxonomy":"mwb_booking_service","embeddable":true,"href":"https:\/\/www.spirit-us.eu\/index.php\/wp-json\/wp\/v2\/mwb_booking_service?post=1024"}],"curies":[{"name":"wp","href":"https:\/\/api.w.org\/{rel}","templated":true}]}}