{"id":1020,"date":"2025-04-23T13:48:12","date_gmt":"2025-04-23T11:48:12","guid":{"rendered":"https:\/\/www.spirit-us.eu\/?post_type=product&#038;p=1020"},"modified":"2025-12-21T13:07:14","modified_gmt":"2025-12-21T12:07:14","slug":"le-pendule-de-thot-en-ebene-plombe-manufacture","status":"publish","type":"product","link":"https:\/\/www.spirit-us.eu\/index.php\/produit\/le-pendule-de-thot-en-ebene-plombe-manufacture\/","title":{"rendered":"LE PENDULE EGYPTIEN : mode d&#8217;emploi"},"content":{"rendered":"<p><strong>Description<\/strong><\/p>\n<p><strong>\u00c9diteur \u200f : \u200e\u00a0<\/strong>TRAJECTOIRE (1 mai 2004)<\/p>\n<p><strong>Langue \u200f : \u200e\u00a0<\/strong>Fran\u00e7ais<\/p>\n<p><strong>Broch\u00e9 \u200f : \u200e\u00a0<\/strong>224 pages<\/p>\n<p><strong>ISBN-10 \u200f : \u200e\u00a0<\/strong>2841973387<\/p>\n<p><strong>Poids de l&rsquo;article \u200f : \u200e\u00a0<\/strong>420 g<\/p>\n<p><strong>Dimensions \u200f : \u200e\u00a0<\/strong>15.5 x 2.1 x 24 cm<\/p>\n","protected":false},"excerpt":{"rendered":"<p style=\"text-align: justify;\">Excellent ouvrage, complet, bien \u00e9crit, sur la pratique du pendule \u00e9gyptien dit \u00ab\u00a0de Th\u00f4t\u00a0\u00bb. De fa\u00e7on p\u00e9dagogique et pour autant exhaustive et scientifique, l\u2019auteur vous offre un apprentissage pas \u00e0 pas de tous les secrets et de toutes les potentialit\u00e9s de cet outil magnifique qu\u2019est le pendule d\u2019\u00e9b\u00e8ne plomb\u00e9, un outil ancestral, tout comme la radiesth\u00e9sie. L\u2019auteur, Jean-Luc CARADEAU est un auteur renomm\u00e9 dans les domaines de l&rsquo;\u00e9sot\u00e9risme et des sciences occultes.<\/p>\n","protected":false},"featured_media":1411,"comment_status":"open","ping_status":"closed","template":"","meta":[],"product_brand":[],"product_cat":[499,159,160,17],"product_tag":[],"mwb_booking_cost":[],"mwb_booking_service":[],"class_list":{"0":"post-1020","1":"product","2":"type-product","3":"status-publish","4":"has-post-thumbnail","6":"product_cat-03-energetique","7":"product_cat-08-livres","8":"product_cat-08-pendules-accueil","9":"product_cat-tous-les-produits","11":"first","12":"instock","13":"shipping-taxable","14":"purchasable","15":"product-type-simple"},"yoast_head":"<!-- This site is optimized with the Yoast SEO plugin v27.1.1 - https:\/\/yoast.com\/product\/yoast-seo-wordpress\/ -->\n<title>LE PENDULE EGYPTIEN : mode d&#039;emploi - Spirit-US<\/title>\n<meta name=\"robots\" content=\"index, follow, max-snippet:-1, max-image-preview:large, max-video-preview:-1\" \/>\n<link rel=\"canonical\" href=\"https:\/\/www.spirit-us.eu\/index.php\/produit\/le-pendule-de-thot-en-ebene-plombe-manufacture\/\" \/>\n<meta property=\"og:locale\" content=\"fr_FR\" \/>\n<meta property=\"og:type\" content=\"article\" \/>\n<meta property=\"og:title\" content=\"LE PENDULE EGYPTIEN : mode d&#039;emploi - Spirit-US\" \/>\n<meta property=\"og:description\" content=\"Excellent ouvrage, complet, bien \u00e9crit, sur la pratique du pendule \u00e9gyptien dit \u00ab\u00a0de Th\u00f4t\u00a0\u00bb. De fa\u00e7on p\u00e9dagogique et pour autant exhaustive et scientifique, l\u2019auteur vous offre un apprentissage pas \u00e0 pas de tous les secrets et de toutes les potentialit\u00e9s de cet outil magnifique qu\u2019est le pendule d\u2019\u00e9b\u00e8ne plomb\u00e9, un outil ancestral, tout comme la radiesth\u00e9sie. L\u2019auteur, Jean-Luc CARADEAU est un auteur renomm\u00e9 dans les domaines de l&#039;\u00e9sot\u00e9risme et des sciences occultes.\" \/>\n<meta property=\"og:url\" content=\"https:\/\/www.spirit-us.eu\/index.php\/produit\/le-pendule-de-thot-en-ebene-plombe-manufacture\/\" \/>\n<meta property=\"og:site_name\" content=\"Spirit-US\" \/>\n<meta property=\"article:publisher\" content=\"https:\/\/www.facebook.com\/spirit.us.deum\" \/>\n<meta property=\"article:modified_time\" content=\"2025-12-21T12:07:14+00:00\" \/>\n<meta property=\"og:image\" content=\"https:\/\/www.spirit-us.eu\/wp-content\/uploads\/2025\/04\/maquette-pendule-egyptien-livre-avec-fond-jaune.png\" \/>\n\t<meta property=\"og:image:width\" content=\"1080\" \/>\n\t<meta property=\"og:image:height\" content=\"1080\" \/>\n\t<meta property=\"og:image:type\" content=\"image\/png\" \/>\n<meta name=\"twitter:card\" content=\"summary_large_image\" \/>\n<script type=\"application\/ld+json\" class=\"yoast-schema-graph\">{\"@context\":\"https:\/\/schema.org\",\"@graph\":[{\"@type\":\"WebPage\",\"@id\":\"https:\/\/www.spirit-us.eu\/index.php\/produit\/le-pendule-de-thot-en-ebene-plombe-manufacture\/\",\"url\":\"https:\/\/www.spirit-us.eu\/index.php\/produit\/le-pendule-de-thot-en-ebene-plombe-manufacture\/\",\"name\":\"LE PENDULE EGYPTIEN : mode d'emploi - Spirit-US\",\"isPartOf\":{\"@id\":\"https:\/\/www.spirit-us.eu\/#website\"},\"primaryImageOfPage\":{\"@id\":\"https:\/\/www.spirit-us.eu\/index.php\/produit\/le-pendule-de-thot-en-ebene-plombe-manufacture\/#primaryimage\"},\"image\":{\"@id\":\"https:\/\/www.spirit-us.eu\/index.php\/produit\/le-pendule-de-thot-en-ebene-plombe-manufacture\/#primaryimage\"},\"thumbnailUrl\":\"https:\/\/www.spirit-us.eu\/wp-content\/uploads\/2025\/04\/maquette-pendule-egyptien-livre-avec-fond-jaune.png\",\"datePublished\":\"2025-04-23T11:48:12+00:00\",\"dateModified\":\"2025-12-21T12:07:14+00:00\",\"breadcrumb\":{\"@id\":\"https:\/\/www.spirit-us.eu\/index.php\/produit\/le-pendule-de-thot-en-ebene-plombe-manufacture\/#breadcrumb\"},\"inLanguage\":\"fr-FR\",\"potentialAction\":[{\"@type\":\"ReadAction\",\"target\":[\"https:\/\/www.spirit-us.eu\/index.php\/produit\/le-pendule-de-thot-en-ebene-plombe-manufacture\/\"]}]},{\"@type\":\"ImageObject\",\"inLanguage\":\"fr-FR\",\"@id\":\"https:\/\/www.spirit-us.eu\/index.php\/produit\/le-pendule-de-thot-en-ebene-plombe-manufacture\/#primaryimage\",\"url\":\"https:\/\/www.spirit-us.eu\/wp-content\/uploads\/2025\/04\/maquette-pendule-egyptien-livre-avec-fond-jaune.png\",\"contentUrl\":\"https:\/\/www.spirit-us.eu\/wp-content\/uploads\/2025\/04\/maquette-pendule-egyptien-livre-avec-fond-jaune.png\",\"width\":1080,\"height\":1080},{\"@type\":\"BreadcrumbList\",\"@id\":\"https:\/\/www.spirit-us.eu\/index.php\/produit\/le-pendule-de-thot-en-ebene-plombe-manufacture\/#breadcrumb\",\"itemListElement\":[{\"@type\":\"ListItem\",\"position\":1,\"name\":\"Accueil\",\"item\":\"https:\/\/www.spirit-us.eu\/\"},{\"@type\":\"ListItem\",\"position\":2,\"name\":\"Boutique\",\"item\":\"https:\/\/www.spirit-us.eu\/index.php\/boutique\/\"},{\"@type\":\"ListItem\",\"position\":3,\"name\":\"LE PENDULE EGYPTIEN : mode d&#8217;emploi\"}]},{\"@type\":\"WebSite\",\"@id\":\"https:\/\/www.spirit-us.eu\/#website\",\"url\":\"https:\/\/www.spirit-us.eu\/\",\"name\":\"Spirit-US\",\"description\":\"\",\"publisher\":{\"@id\":\"https:\/\/www.spirit-us.eu\/#organization\"},\"potentialAction\":[{\"@type\":\"SearchAction\",\"target\":{\"@type\":\"EntryPoint\",\"urlTemplate\":\"https:\/\/www.spirit-us.eu\/?s={search_term_string}\"},\"query-input\":{\"@type\":\"PropertyValueSpecification\",\"valueRequired\":true,\"valueName\":\"search_term_string\"}}],\"inLanguage\":\"fr-FR\"},{\"@type\":\"Organization\",\"@id\":\"https:\/\/www.spirit-us.eu\/#organization\",\"name\":\"Spirit-US\",\"url\":\"https:\/\/www.spirit-us.eu\/\",\"logo\":{\"@type\":\"ImageObject\",\"inLanguage\":\"fr-FR\",\"@id\":\"https:\/\/www.spirit-us.eu\/#\/schema\/logo\/image\/\",\"url\":\"https:\/\/www.spirit-us.eu\/wp-content\/uploads\/2025\/11\/logo-regarde-linterlocutrice-sans-arrriere-plan.jpg\",\"contentUrl\":\"https:\/\/www.spirit-us.eu\/wp-content\/uploads\/2025\/11\/logo-regarde-linterlocutrice-sans-arrriere-plan.jpg\",\"width\":1080,\"height\":1080,\"caption\":\"Spirit-US\"},\"image\":{\"@id\":\"https:\/\/www.spirit-us.eu\/#\/schema\/logo\/image\/\"},\"sameAs\":[\"https:\/\/www.facebook.com\/spirit.us.deum\"]}]}<\/script>\n<!-- \/ Yoast SEO plugin. -->","yoast_head_json":{"title":"LE PENDULE EGYPTIEN : mode d'emploi - Spirit-US","robots":{"index":"index","follow":"follow","max-snippet":"max-snippet:-1","max-image-preview":"max-image-preview:large","max-video-preview":"max-video-preview:-1"},"canonical":"https:\/\/www.spirit-us.eu\/index.php\/produit\/le-pendule-de-thot-en-ebene-plombe-manufacture\/","og_locale":"fr_FR","og_type":"article","og_title":"LE PENDULE EGYPTIEN : mode d'emploi - Spirit-US","og_description":"Excellent ouvrage, complet, bien \u00e9crit, sur la pratique du pendule \u00e9gyptien dit \u00ab\u00a0de Th\u00f4t\u00a0\u00bb. De fa\u00e7on p\u00e9dagogique et pour autant exhaustive et scientifique, l\u2019auteur vous offre un apprentissage pas \u00e0 pas de tous les secrets et de toutes les potentialit\u00e9s de cet outil magnifique qu\u2019est le pendule d\u2019\u00e9b\u00e8ne plomb\u00e9, un outil ancestral, tout comme la radiesth\u00e9sie. L\u2019auteur, Jean-Luc CARADEAU est un auteur renomm\u00e9 dans les domaines de l'\u00e9sot\u00e9risme et des sciences occultes.","og_url":"https:\/\/www.spirit-us.eu\/index.php\/produit\/le-pendule-de-thot-en-ebene-plombe-manufacture\/","og_site_name":"Spirit-US","article_publisher":"https:\/\/www.facebook.com\/spirit.us.deum","article_modified_time":"2025-12-21T12:07:14+00:00","og_image":[{"width":1080,"height":1080,"url":"https:\/\/www.spirit-us.eu\/wp-content\/uploads\/2025\/04\/maquette-pendule-egyptien-livre-avec-fond-jaune.png","type":"image\/png"}],"twitter_card":"summary_large_image","schema":{"@context":"https:\/\/schema.org","@graph":[{"@type":"WebPage","@id":"https:\/\/www.spirit-us.eu\/index.php\/produit\/le-pendule-de-thot-en-ebene-plombe-manufacture\/","url":"https:\/\/www.spirit-us.eu\/index.php\/produit\/le-pendule-de-thot-en-ebene-plombe-manufacture\/","name":"LE PENDULE EGYPTIEN : mode d'emploi - Spirit-US","isPartOf":{"@id":"https:\/\/www.spirit-us.eu\/#website"},"primaryImageOfPage":{"@id":"https:\/\/www.spirit-us.eu\/index.php\/produit\/le-pendule-de-thot-en-ebene-plombe-manufacture\/#primaryimage"},"image":{"@id":"https:\/\/www.spirit-us.eu\/index.php\/produit\/le-pendule-de-thot-en-ebene-plombe-manufacture\/#primaryimage"},"thumbnailUrl":"https:\/\/www.spirit-us.eu\/wp-content\/uploads\/2025\/04\/maquette-pendule-egyptien-livre-avec-fond-jaune.png","datePublished":"2025-04-23T11:48:12+00:00","dateModified":"2025-12-21T12:07:14+00:00","breadcrumb":{"@id":"https:\/\/www.spirit-us.eu\/index.php\/produit\/le-pendule-de-thot-en-ebene-plombe-manufacture\/#breadcrumb"},"inLanguage":"fr-FR","potentialAction":[{"@type":"ReadAction","target":["https:\/\/www.spirit-us.eu\/index.php\/produit\/le-pendule-de-thot-en-ebene-plombe-manufacture\/"]}]},{"@type":"ImageObject","inLanguage":"fr-FR","@id":"https:\/\/www.spirit-us.eu\/index.php\/produit\/le-pendule-de-thot-en-ebene-plombe-manufacture\/#primaryimage","url":"https:\/\/www.spirit-us.eu\/wp-content\/uploads\/2025\/04\/maquette-pendule-egyptien-livre-avec-fond-jaune.png","contentUrl":"https:\/\/www.spirit-us.eu\/wp-content\/uploads\/2025\/04\/maquette-pendule-egyptien-livre-avec-fond-jaune.png","width":1080,"height":1080},{"@type":"BreadcrumbList","@id":"https:\/\/www.spirit-us.eu\/index.php\/produit\/le-pendule-de-thot-en-ebene-plombe-manufacture\/#breadcrumb","itemListElement":[{"@type":"ListItem","position":1,"name":"Accueil","item":"https:\/\/www.spirit-us.eu\/"},{"@type":"ListItem","position":2,"name":"Boutique","item":"https:\/\/www.spirit-us.eu\/index.php\/boutique\/"},{"@type":"ListItem","position":3,"name":"LE PENDULE EGYPTIEN : mode d&#8217;emploi"}]},{"@type":"WebSite","@id":"https:\/\/www.spirit-us.eu\/#website","url":"https:\/\/www.spirit-us.eu\/","name":"Spirit-US","description":"","publisher":{"@id":"https:\/\/www.spirit-us.eu\/#organization"},"potentialAction":[{"@type":"SearchAction","target":{"@type":"EntryPoint","urlTemplate":"https:\/\/www.spirit-us.eu\/?s={search_term_string}"},"query-input":{"@type":"PropertyValueSpecification","valueRequired":true,"valueName":"search_term_string"}}],"inLanguage":"fr-FR"},{"@type":"Organization","@id":"https:\/\/www.spirit-us.eu\/#organization","name":"Spirit-US","url":"https:\/\/www.spirit-us.eu\/","logo":{"@type":"ImageObject","inLanguage":"fr-FR","@id":"https:\/\/www.spirit-us.eu\/#\/schema\/logo\/image\/","url":"https:\/\/www.spirit-us.eu\/wp-content\/uploads\/2025\/11\/logo-regarde-linterlocutrice-sans-arrriere-plan.jpg","contentUrl":"https:\/\/www.spirit-us.eu\/wp-content\/uploads\/2025\/11\/logo-regarde-linterlocutrice-sans-arrriere-plan.jpg","width":1080,"height":1080,"caption":"Spirit-US"},"image":{"@id":"https:\/\/www.spirit-us.eu\/#\/schema\/logo\/image\/"},"sameAs":["https:\/\/www.facebook.com\/spirit.us.deum"]}]}},"jetpack_sharing_enabled":true,"_links":{"self":[{"href":"https:\/\/www.spirit-us.eu\/index.php\/wp-json\/wp\/v2\/product\/1020","targetHints":{"allow":["GET"]}}],"collection":[{"href":"https:\/\/www.spirit-us.eu\/index.php\/wp-json\/wp\/v2\/product"}],"about":[{"href":"https:\/\/www.spirit-us.eu\/index.php\/wp-json\/wp\/v2\/types\/product"}],"replies":[{"embeddable":true,"href":"https:\/\/www.spirit-us.eu\/index.php\/wp-json\/wp\/v2\/comments?post=1020"}],"wp:featuredmedia":[{"embeddable":true,"href":"https:\/\/www.spirit-us.eu\/index.php\/wp-json\/wp\/v2\/media\/1411"}],"wp:attachment":[{"href":"https:\/\/www.spirit-us.eu\/index.php\/wp-json\/wp\/v2\/media?parent=1020"}],"wp:term":[{"taxonomy":"product_brand","embeddable":true,"href":"https:\/\/www.spirit-us.eu\/index.php\/wp-json\/wp\/v2\/product_brand?post=1020"},{"taxonomy":"product_cat","embeddable":true,"href":"https:\/\/www.spirit-us.eu\/index.php\/wp-json\/wp\/v2\/product_cat?post=1020"},{"taxonomy":"product_tag","embeddable":true,"href":"https:\/\/www.spirit-us.eu\/index.php\/wp-json\/wp\/v2\/product_tag?post=1020"},{"taxonomy":"mwb_booking_cost","embeddable":true,"href":"https:\/\/www.spirit-us.eu\/index.php\/wp-json\/wp\/v2\/mwb_booking_cost?post=1020"},{"taxonomy":"mwb_booking_service","embeddable":true,"href":"https:\/\/www.spirit-us.eu\/index.php\/wp-json\/wp\/v2\/mwb_booking_service?post=1020"}],"curies":[{"name":"wp","href":"https:\/\/api.w.org\/{rel}","templated":true}]}}