{"id":1004,"date":"2025-04-22T08:49:55","date_gmt":"2025-04-22T06:49:55","guid":{"rendered":"https:\/\/www.spirit-us.eu\/?post_type=product&#038;p=1004"},"modified":"2025-12-17T00:18:22","modified_gmt":"2025-12-16T23:18:22","slug":"1004","status":"publish","type":"product","link":"https:\/\/www.spirit-us.eu\/index.php\/produit\/1004\/","title":{"rendered":"Boucles d&rsquo;oreilles perles en CORNALINE"},"content":{"rendered":"<p><strong>Description<\/strong><\/p>\n<p><strong>Type<\/strong> :\u00a0<a href=\"https:\/\/camille-ambiance-nature.fr\/categorie\/boucles-d-oreilles\">Boucles D&rsquo;Oreilles<\/a>\u00a0&#8211;\u00a0<a href=\"https:\/\/camille-ambiance-nature.fr\/categorie\/boucles-doreilles-boules\">Boucles D&rsquo;Oreilles Boules<\/a>\u00a0&#8211;\u00a0<a href=\"https:\/\/camille-ambiance-nature.fr\/categorie\/bijoux\">Bijoux<\/a>\u00a0&#8211;<\/p>\n<p><strong>Pierre(s)<\/strong> :\u00a0<a href=\"https:\/\/camille-ambiance-nature.fr\/categorie\/cornaline\">Cornaline<\/a>\u00a0&#8211;<\/p>\n<p><strong>Qualit\u00e9<\/strong> : A (Bonne)<\/p>\n<p><strong>Couleur<\/strong> : Orange &#8211; Rouge<\/p>\n<p><strong>Taille des perles<\/strong> : 08mm<\/p>\n<p>Ces boucles d&rsquo;oreilles sont confectionn\u00e9es en acier inoxydable.<\/p>\n<p><strong><u>Les vertus de la cornaline en lithoth\u00e9rapie<\/u><\/strong><strong>\u00a0<\/strong><\/p>\n<p><strong>Ses bienfaits sur le plan psychique\u00a0<\/strong><\/p>\n<p>La cornaline est une pierre de s\u00e9r\u00e9nit\u00e9 et d\u2019apaisement. Elle a la capacit\u00e9 de renforcer la confiance en soi et favorise la spontan\u00e9it\u00e9. Elle d\u00e9veloppe la joie de vivre et incite \u00e0 profiter de chaque moment.<\/p>\n<p>Associ\u00e9e \u00e0 la t\u00e9m\u00e9rit\u00e9 depuis l\u2019Antiquit\u00e9, cette pierre redonne de l\u2019\u00e9nergie, de la vitalit\u00e9, du courage et r\u00e9gule les \u00e9gos d\u00e9mesur\u00e9s. Elle facilite la prise de parole en public et procure une belle \u00e9loquence. Elle engendre de l\u2019assurance, mais pas de la suffisance.<\/p>\n<p>La cornaline encourage la lutte contre les \u00e9tats de tristesse intense. De plus, elle calme la col\u00e8re, la jalousie, et la ranc\u0153ur. Elle permet de surmonter certains traumatismes li\u00e9s au pass\u00e9 et devient une pierre de r\u00e9silience.<\/p>\n<p>Chez les personnes trop sensibles, cette pierre peut les rendre plus fortes, leur donne plus d\u2019aplomb et les aident \u00e0 s\u2019affirmer. Elle dispense de la cr\u00e9ativit\u00e9 et favorise la concentration en canalisant les pens\u00e9es trop agit\u00e9es.<\/p>\n<p>C\u2019est une pierre r\u00e9put\u00e9e pour apporter joie de vivre, bonne humeur, bonheur et enthousiasme. Sa couleur vitamin\u00e9e diffuse un bien-\u00eatre qui permet de g\u00e9rer les situations compliqu\u00e9es tout en douceur. Au contraire de la plupart des pierres rouges, la cornaline r\u00e9gule l&rsquo;exc\u00e9dent d\u2019\u00e9nergie au lieu de l\u2019augmenter.<\/p>\n<p>V\u00e9ritable porte-bonheur, la cornaline diffuse sa protection sur tout le foyer et favorise les relations en maintenant une ambiance douce et sereine. Elle encourage la compr\u00e9hension entre les personnes.<\/p>\n<p><strong>Ses pouvoirs sur le plan physique\u00a0<\/strong><\/p>\n<p>La cornaline, par son action vivifiante, redonne du tonus et de la vitalit\u00e9 tout en stimulant l\u2019organisme.<\/p>\n<p>Ce min\u00e9ral r\u00e9duit le stress et ses cons\u00e9quences sur le corps.<\/p>\n<p>Cette pierre favorise la bonne circulation des fluides corporels.<\/p>\n<p>&nbsp;<\/p>\n","protected":false},"excerpt":{"rendered":"<p>Tr\u00e8s jolies boucles d\u2019oreilles en cornaline, en forme de perles sph\u00e9riques r\u00e9guli\u00e8res. La cornaline appartient \u00e0 la famille du quartz microcristallin. C\u2019est une vari\u00e9t\u00e9 rouge de calc\u00e9doine. Elle doit sa belle couleur \u00e0 des inclusions d\u2019h\u00e9matite, oxyde naturel du fer. L\u2019intensit\u00e9 de sa couleur, rouge \u00e0 orange, est li\u00e9e \u00e0 sa concentration en fer.\u202f Elle est \u00e9galement compos\u00e9e d\u2019oxyde d\u2019aluminium et de silice. Ce quartz rouge provient de roches volcaniques \u00e0 basse temp\u00e9rature. La couleur rouge vermillon est la plus appr\u00e9ci\u00e9e, aussi elle est souvent obtenue en chauffant la pierre ou en l\u2019exposant longuement au soleil.\u202f\u202f La cornaline est tr\u00e8s peu translucide, voire opaque.\u00a0 Cette pierre est id\u00e9ale lorsqu\u2019on soigne ou magnifie le chakra sacr\u00e9, celui de la vitalit\u00e9 et de la parfaite sant\u00e9. Livr\u00e9 dans un \u00e9crin.<\/p>\n","protected":false},"featured_media":1005,"comment_status":"open","ping_status":"closed","template":"","meta":[],"product_brand":[],"product_cat":[156,461,17],"product_tag":[168],"mwb_booking_cost":[],"mwb_booking_service":[],"class_list":{"0":"post-1004","1":"product","2":"type-product","3":"status-publish","4":"has-post-thumbnail","6":"product_cat-04-bijoux","7":"product_cat-007-boucles-doreilles","8":"product_cat-tous-les-produits","9":"product_tag-orange","11":"first","12":"instock","13":"shipping-taxable","14":"purchasable","15":"product-type-simple"},"yoast_head":"<!-- This site is optimized with the Yoast SEO plugin v27.1.1 - https:\/\/yoast.com\/product\/yoast-seo-wordpress\/ -->\n<title>Boucles d&#039;oreilles perles en CORNALINE - Spirit-US<\/title>\n<meta name=\"robots\" content=\"index, follow, max-snippet:-1, max-image-preview:large, max-video-preview:-1\" \/>\n<link rel=\"canonical\" href=\"https:\/\/www.spirit-us.eu\/index.php\/produit\/1004\/\" \/>\n<meta property=\"og:locale\" content=\"fr_FR\" \/>\n<meta property=\"og:type\" content=\"article\" \/>\n<meta property=\"og:title\" content=\"Boucles d&#039;oreilles perles en CORNALINE - Spirit-US\" \/>\n<meta property=\"og:description\" content=\"Tr\u00e8s jolies boucles d\u2019oreilles en cornaline, en forme de perles sph\u00e9riques r\u00e9guli\u00e8res. La cornaline appartient \u00e0 la famille du quartz microcristallin. C\u2019est une vari\u00e9t\u00e9 rouge de calc\u00e9doine. Elle doit sa belle couleur \u00e0 des inclusions d\u2019h\u00e9matite, oxyde naturel du fer. L\u2019intensit\u00e9 de sa couleur, rouge \u00e0 orange, est li\u00e9e \u00e0 sa concentration en fer.\u202f Elle est \u00e9galement compos\u00e9e d\u2019oxyde d\u2019aluminium et de silice. Ce quartz rouge provient de roches volcaniques \u00e0 basse temp\u00e9rature. La couleur rouge vermillon est la plus appr\u00e9ci\u00e9e, aussi elle est souvent obtenue en chauffant la pierre ou en l\u2019exposant longuement au soleil.\u202f\u202f La cornaline est tr\u00e8s peu translucide, voire opaque.\u00a0 Cette pierre est id\u00e9ale lorsqu\u2019on soigne ou magnifie le chakra sacr\u00e9, celui de la vitalit\u00e9 et de la parfaite sant\u00e9. Livr\u00e9 dans un \u00e9crin.\" \/>\n<meta property=\"og:url\" content=\"https:\/\/www.spirit-us.eu\/index.php\/produit\/1004\/\" \/>\n<meta property=\"og:site_name\" content=\"Spirit-US\" \/>\n<meta property=\"article:publisher\" content=\"https:\/\/www.facebook.com\/spirit.us.deum\" \/>\n<meta property=\"article:modified_time\" content=\"2025-12-16T23:18:22+00:00\" \/>\n<meta property=\"og:image\" content=\"https:\/\/www.spirit-us.eu\/wp-content\/uploads\/2025\/04\/boucles-doreilles-cornaline-image-produit-1024x1024.png\" \/>\n\t<meta property=\"og:image:width\" content=\"1024\" \/>\n\t<meta property=\"og:image:height\" content=\"1024\" \/>\n\t<meta property=\"og:image:type\" content=\"image\/png\" \/>\n<meta name=\"twitter:card\" content=\"summary_large_image\" \/>\n<meta name=\"twitter:label1\" content=\"Dur\u00e9e de lecture estim\u00e9e\" \/>\n\t<meta name=\"twitter:data1\" content=\"2 minutes\" \/>\n<script type=\"application\/ld+json\" class=\"yoast-schema-graph\">{\"@context\":\"https:\/\/schema.org\",\"@graph\":[{\"@type\":\"WebPage\",\"@id\":\"https:\/\/www.spirit-us.eu\/index.php\/produit\/1004\/\",\"url\":\"https:\/\/www.spirit-us.eu\/index.php\/produit\/1004\/\",\"name\":\"Boucles d'oreilles perles en CORNALINE - Spirit-US\",\"isPartOf\":{\"@id\":\"https:\/\/www.spirit-us.eu\/#website\"},\"primaryImageOfPage\":{\"@id\":\"https:\/\/www.spirit-us.eu\/index.php\/produit\/1004\/#primaryimage\"},\"image\":{\"@id\":\"https:\/\/www.spirit-us.eu\/index.php\/produit\/1004\/#primaryimage\"},\"thumbnailUrl\":\"https:\/\/www.spirit-us.eu\/wp-content\/uploads\/2025\/04\/boucles-doreilles-cornaline-image-produit-scaled.png\",\"datePublished\":\"2025-04-22T06:49:55+00:00\",\"dateModified\":\"2025-12-16T23:18:22+00:00\",\"breadcrumb\":{\"@id\":\"https:\/\/www.spirit-us.eu\/index.php\/produit\/1004\/#breadcrumb\"},\"inLanguage\":\"fr-FR\",\"potentialAction\":[{\"@type\":\"ReadAction\",\"target\":[\"https:\/\/www.spirit-us.eu\/index.php\/produit\/1004\/\"]}]},{\"@type\":\"ImageObject\",\"inLanguage\":\"fr-FR\",\"@id\":\"https:\/\/www.spirit-us.eu\/index.php\/produit\/1004\/#primaryimage\",\"url\":\"https:\/\/www.spirit-us.eu\/wp-content\/uploads\/2025\/04\/boucles-doreilles-cornaline-image-produit-scaled.png\",\"contentUrl\":\"https:\/\/www.spirit-us.eu\/wp-content\/uploads\/2025\/04\/boucles-doreilles-cornaline-image-produit-scaled.png\",\"width\":2560,\"height\":2560},{\"@type\":\"BreadcrumbList\",\"@id\":\"https:\/\/www.spirit-us.eu\/index.php\/produit\/1004\/#breadcrumb\",\"itemListElement\":[{\"@type\":\"ListItem\",\"position\":1,\"name\":\"Accueil\",\"item\":\"https:\/\/www.spirit-us.eu\/\"},{\"@type\":\"ListItem\",\"position\":2,\"name\":\"Boutique\",\"item\":\"https:\/\/www.spirit-us.eu\/index.php\/boutique\/\"},{\"@type\":\"ListItem\",\"position\":3,\"name\":\"Boucles d&rsquo;oreilles perles en CORNALINE\"}]},{\"@type\":\"WebSite\",\"@id\":\"https:\/\/www.spirit-us.eu\/#website\",\"url\":\"https:\/\/www.spirit-us.eu\/\",\"name\":\"Spirit-US\",\"description\":\"\",\"publisher\":{\"@id\":\"https:\/\/www.spirit-us.eu\/#organization\"},\"potentialAction\":[{\"@type\":\"SearchAction\",\"target\":{\"@type\":\"EntryPoint\",\"urlTemplate\":\"https:\/\/www.spirit-us.eu\/?s={search_term_string}\"},\"query-input\":{\"@type\":\"PropertyValueSpecification\",\"valueRequired\":true,\"valueName\":\"search_term_string\"}}],\"inLanguage\":\"fr-FR\"},{\"@type\":\"Organization\",\"@id\":\"https:\/\/www.spirit-us.eu\/#organization\",\"name\":\"Spirit-US\",\"url\":\"https:\/\/www.spirit-us.eu\/\",\"logo\":{\"@type\":\"ImageObject\",\"inLanguage\":\"fr-FR\",\"@id\":\"https:\/\/www.spirit-us.eu\/#\/schema\/logo\/image\/\",\"url\":\"https:\/\/www.spirit-us.eu\/wp-content\/uploads\/2025\/11\/logo-regarde-linterlocutrice-sans-arrriere-plan.jpg\",\"contentUrl\":\"https:\/\/www.spirit-us.eu\/wp-content\/uploads\/2025\/11\/logo-regarde-linterlocutrice-sans-arrriere-plan.jpg\",\"width\":1080,\"height\":1080,\"caption\":\"Spirit-US\"},\"image\":{\"@id\":\"https:\/\/www.spirit-us.eu\/#\/schema\/logo\/image\/\"},\"sameAs\":[\"https:\/\/www.facebook.com\/spirit.us.deum\"]}]}<\/script>\n<!-- \/ Yoast SEO plugin. -->","yoast_head_json":{"title":"Boucles d'oreilles perles en CORNALINE - Spirit-US","robots":{"index":"index","follow":"follow","max-snippet":"max-snippet:-1","max-image-preview":"max-image-preview:large","max-video-preview":"max-video-preview:-1"},"canonical":"https:\/\/www.spirit-us.eu\/index.php\/produit\/1004\/","og_locale":"fr_FR","og_type":"article","og_title":"Boucles d'oreilles perles en CORNALINE - Spirit-US","og_description":"Tr\u00e8s jolies boucles d\u2019oreilles en cornaline, en forme de perles sph\u00e9riques r\u00e9guli\u00e8res. La cornaline appartient \u00e0 la famille du quartz microcristallin. C\u2019est une vari\u00e9t\u00e9 rouge de calc\u00e9doine. Elle doit sa belle couleur \u00e0 des inclusions d\u2019h\u00e9matite, oxyde naturel du fer. L\u2019intensit\u00e9 de sa couleur, rouge \u00e0 orange, est li\u00e9e \u00e0 sa concentration en fer.\u202f Elle est \u00e9galement compos\u00e9e d\u2019oxyde d\u2019aluminium et de silice. Ce quartz rouge provient de roches volcaniques \u00e0 basse temp\u00e9rature. La couleur rouge vermillon est la plus appr\u00e9ci\u00e9e, aussi elle est souvent obtenue en chauffant la pierre ou en l\u2019exposant longuement au soleil.\u202f\u202f La cornaline est tr\u00e8s peu translucide, voire opaque.\u00a0 Cette pierre est id\u00e9ale lorsqu\u2019on soigne ou magnifie le chakra sacr\u00e9, celui de la vitalit\u00e9 et de la parfaite sant\u00e9. Livr\u00e9 dans un \u00e9crin.","og_url":"https:\/\/www.spirit-us.eu\/index.php\/produit\/1004\/","og_site_name":"Spirit-US","article_publisher":"https:\/\/www.facebook.com\/spirit.us.deum","article_modified_time":"2025-12-16T23:18:22+00:00","og_image":[{"width":1024,"height":1024,"url":"https:\/\/www.spirit-us.eu\/wp-content\/uploads\/2025\/04\/boucles-doreilles-cornaline-image-produit-1024x1024.png","type":"image\/png"}],"twitter_card":"summary_large_image","twitter_misc":{"Dur\u00e9e de lecture estim\u00e9e":"2 minutes"},"schema":{"@context":"https:\/\/schema.org","@graph":[{"@type":"WebPage","@id":"https:\/\/www.spirit-us.eu\/index.php\/produit\/1004\/","url":"https:\/\/www.spirit-us.eu\/index.php\/produit\/1004\/","name":"Boucles d'oreilles perles en CORNALINE - Spirit-US","isPartOf":{"@id":"https:\/\/www.spirit-us.eu\/#website"},"primaryImageOfPage":{"@id":"https:\/\/www.spirit-us.eu\/index.php\/produit\/1004\/#primaryimage"},"image":{"@id":"https:\/\/www.spirit-us.eu\/index.php\/produit\/1004\/#primaryimage"},"thumbnailUrl":"https:\/\/www.spirit-us.eu\/wp-content\/uploads\/2025\/04\/boucles-doreilles-cornaline-image-produit-scaled.png","datePublished":"2025-04-22T06:49:55+00:00","dateModified":"2025-12-16T23:18:22+00:00","breadcrumb":{"@id":"https:\/\/www.spirit-us.eu\/index.php\/produit\/1004\/#breadcrumb"},"inLanguage":"fr-FR","potentialAction":[{"@type":"ReadAction","target":["https:\/\/www.spirit-us.eu\/index.php\/produit\/1004\/"]}]},{"@type":"ImageObject","inLanguage":"fr-FR","@id":"https:\/\/www.spirit-us.eu\/index.php\/produit\/1004\/#primaryimage","url":"https:\/\/www.spirit-us.eu\/wp-content\/uploads\/2025\/04\/boucles-doreilles-cornaline-image-produit-scaled.png","contentUrl":"https:\/\/www.spirit-us.eu\/wp-content\/uploads\/2025\/04\/boucles-doreilles-cornaline-image-produit-scaled.png","width":2560,"height":2560},{"@type":"BreadcrumbList","@id":"https:\/\/www.spirit-us.eu\/index.php\/produit\/1004\/#breadcrumb","itemListElement":[{"@type":"ListItem","position":1,"name":"Accueil","item":"https:\/\/www.spirit-us.eu\/"},{"@type":"ListItem","position":2,"name":"Boutique","item":"https:\/\/www.spirit-us.eu\/index.php\/boutique\/"},{"@type":"ListItem","position":3,"name":"Boucles d&rsquo;oreilles perles en CORNALINE"}]},{"@type":"WebSite","@id":"https:\/\/www.spirit-us.eu\/#website","url":"https:\/\/www.spirit-us.eu\/","name":"Spirit-US","description":"","publisher":{"@id":"https:\/\/www.spirit-us.eu\/#organization"},"potentialAction":[{"@type":"SearchAction","target":{"@type":"EntryPoint","urlTemplate":"https:\/\/www.spirit-us.eu\/?s={search_term_string}"},"query-input":{"@type":"PropertyValueSpecification","valueRequired":true,"valueName":"search_term_string"}}],"inLanguage":"fr-FR"},{"@type":"Organization","@id":"https:\/\/www.spirit-us.eu\/#organization","name":"Spirit-US","url":"https:\/\/www.spirit-us.eu\/","logo":{"@type":"ImageObject","inLanguage":"fr-FR","@id":"https:\/\/www.spirit-us.eu\/#\/schema\/logo\/image\/","url":"https:\/\/www.spirit-us.eu\/wp-content\/uploads\/2025\/11\/logo-regarde-linterlocutrice-sans-arrriere-plan.jpg","contentUrl":"https:\/\/www.spirit-us.eu\/wp-content\/uploads\/2025\/11\/logo-regarde-linterlocutrice-sans-arrriere-plan.jpg","width":1080,"height":1080,"caption":"Spirit-US"},"image":{"@id":"https:\/\/www.spirit-us.eu\/#\/schema\/logo\/image\/"},"sameAs":["https:\/\/www.facebook.com\/spirit.us.deum"]}]}},"jetpack_sharing_enabled":true,"_links":{"self":[{"href":"https:\/\/www.spirit-us.eu\/index.php\/wp-json\/wp\/v2\/product\/1004","targetHints":{"allow":["GET"]}}],"collection":[{"href":"https:\/\/www.spirit-us.eu\/index.php\/wp-json\/wp\/v2\/product"}],"about":[{"href":"https:\/\/www.spirit-us.eu\/index.php\/wp-json\/wp\/v2\/types\/product"}],"replies":[{"embeddable":true,"href":"https:\/\/www.spirit-us.eu\/index.php\/wp-json\/wp\/v2\/comments?post=1004"}],"wp:featuredmedia":[{"embeddable":true,"href":"https:\/\/www.spirit-us.eu\/index.php\/wp-json\/wp\/v2\/media\/1005"}],"wp:attachment":[{"href":"https:\/\/www.spirit-us.eu\/index.php\/wp-json\/wp\/v2\/media?parent=1004"}],"wp:term":[{"taxonomy":"product_brand","embeddable":true,"href":"https:\/\/www.spirit-us.eu\/index.php\/wp-json\/wp\/v2\/product_brand?post=1004"},{"taxonomy":"product_cat","embeddable":true,"href":"https:\/\/www.spirit-us.eu\/index.php\/wp-json\/wp\/v2\/product_cat?post=1004"},{"taxonomy":"product_tag","embeddable":true,"href":"https:\/\/www.spirit-us.eu\/index.php\/wp-json\/wp\/v2\/product_tag?post=1004"},{"taxonomy":"mwb_booking_cost","embeddable":true,"href":"https:\/\/www.spirit-us.eu\/index.php\/wp-json\/wp\/v2\/mwb_booking_cost?post=1004"},{"taxonomy":"mwb_booking_service","embeddable":true,"href":"https:\/\/www.spirit-us.eu\/index.php\/wp-json\/wp\/v2\/mwb_booking_service?post=1004"}],"curies":[{"name":"wp","href":"https:\/\/api.w.org\/{rel}","templated":true}]}}