{"id":3448,"date":"2025-12-21T13:10:45","date_gmt":"2025-12-21T12:10:45","guid":{"rendered":"https:\/\/www.spirit-us.eu\/?page_id=3448"},"modified":"2025-12-21T16:51:55","modified_gmt":"2025-12-21T15:51:55","slug":"energies-voir-linvisible","status":"publish","type":"page","link":"https:\/\/www.spirit-us.eu\/index.php\/energies-voir-linvisible\/","title":{"rendered":"ENERGIES, voir l&rsquo;invisible"},"content":{"rendered":"\t\t<div data-elementor-type=\"wp-page\" data-elementor-id=\"3448\" class=\"elementor elementor-3448\" data-elementor-post-type=\"page\">\n\t\t\t\t<div class=\"elementor-element elementor-element-eecb44f e-flex e-con-boxed e-con e-parent\" data-id=\"eecb44f\" data-element_type=\"container\" data-e-type=\"container\">\n\t\t\t\t\t<div class=\"e-con-inner\">\n\t\t\t\t<div class=\"elementor-element elementor-element-dcc933b elementor-widget elementor-widget-image\" data-id=\"dcc933b\" data-element_type=\"widget\" data-e-type=\"widget\" data-widget_type=\"image.default\">\n\t\t\t\t<div class=\"elementor-widget-container\">\n\t\t\t\t\t\t\t\t\t\t\t\t\t\t\t<img fetchpriority=\"high\" decoding=\"async\" width=\"1024\" height=\"576\" src=\"https:\/\/www.spirit-us.eu\/wp-content\/uploads\/2025\/12\/Copie-de-Copie-de-Copie-de-Copie-de-Vignette-Youtube-vlog-routine-Minimal-bleu-beige-1024x576.png\" class=\"attachment-large size-large wp-image-3369\" alt=\"\" srcset=\"https:\/\/www.spirit-us.eu\/wp-content\/uploads\/2025\/12\/Copie-de-Copie-de-Copie-de-Copie-de-Vignette-Youtube-vlog-routine-Minimal-bleu-beige-1024x576.png 1024w, https:\/\/www.spirit-us.eu\/wp-content\/uploads\/2025\/12\/Copie-de-Copie-de-Copie-de-Copie-de-Vignette-Youtube-vlog-routine-Minimal-bleu-beige-300x169.png 300w, https:\/\/www.spirit-us.eu\/wp-content\/uploads\/2025\/12\/Copie-de-Copie-de-Copie-de-Copie-de-Vignette-Youtube-vlog-routine-Minimal-bleu-beige-768x432.png 768w, https:\/\/www.spirit-us.eu\/wp-content\/uploads\/2025\/12\/Copie-de-Copie-de-Copie-de-Copie-de-Vignette-Youtube-vlog-routine-Minimal-bleu-beige-600x338.png 600w, https:\/\/www.spirit-us.eu\/wp-content\/uploads\/2025\/12\/Copie-de-Copie-de-Copie-de-Copie-de-Vignette-Youtube-vlog-routine-Minimal-bleu-beige.png 1280w\" sizes=\"(max-width: 1024px) 100vw, 1024px\" \/>\t\t\t\t\t\t\t\t\t\t\t\t\t\t\t<\/div>\n\t\t\t\t<\/div>\n\t\t\t\t\t<\/div>\n\t\t\t\t<\/div>\n\t\t<div class=\"elementor-element elementor-element-a55cf0a e-flex e-con-boxed e-con e-parent\" data-id=\"a55cf0a\" data-element_type=\"container\" data-e-type=\"container\">\n\t\t\t\t\t<div class=\"e-con-inner\">\n\t\t\t\t<div class=\"elementor-element elementor-element-38c40da elementor-widget elementor-widget-text-editor\" data-id=\"38c40da\" data-element_type=\"widget\" data-e-type=\"widget\" data-widget_type=\"text-editor.default\">\n\t\t\t\t<div class=\"elementor-widget-container\">\n\t\t\t\t\t\t\t\t\t<p style=\"text-align: justify;\"><span style=\"color: #008080;\"><strong>Cette cat\u00e9gorie comporte tous les outils pour \u00ab voir l\u2019invisible \u00bb. Voyance, tarots, pendules, outils de g\u00e9obiologie, pyramides correctrices du r\u00e9seau de Hartmann, outils pour l\u2019eau souterraine et les sources. Certains de ces outils sont plus ludiques, comme certains jeux de tarots, ou pendules ouvrag\u00e9s; d\u2019autres sont tr\u00e8s subtils comme le pendule universel, r\u00e9serv\u00e9 aux seuls initi\u00e9s, ou les pyramides de Hartman. De quoi satisfaire les apprenants et apprenantes comme les confirm\u00e9.es en ces mati\u00e8res.<\/strong><\/span><\/p>\t\t\t\t\t\t\t\t<\/div>\n\t\t\t\t<\/div>\n\t\t\t\t\t<\/div>\n\t\t\t\t<\/div>\n\t\t<div class=\"elementor-element elementor-element-8624489 e-flex e-con-boxed e-con e-parent\" data-id=\"8624489\" data-element_type=\"container\" data-e-type=\"container\">\n\t\t\t\t\t<div class=\"e-con-inner\">\n\t\t\t\t\t<\/div>\n\t\t\t\t<\/div>\n\t\t<div class=\"elementor-element elementor-element-592e74d e-grid e-con-boxed e-con e-parent\" data-id=\"592e74d\" data-element_type=\"container\" data-e-type=\"container\">\n\t\t\t\t\t<div class=\"e-con-inner\">\n\t\t\t\t<div class=\"elementor-element elementor-element-448d797 elementor-widget elementor-widget-image\" data-id=\"448d797\" data-element_type=\"widget\" data-e-type=\"widget\" data-widget_type=\"image.default\">\n\t\t\t\t<div class=\"elementor-widget-container\">\n\t\t\t\t\t\t\t\t\t\t\t\t\t\t\t<img decoding=\"async\" width=\"1024\" height=\"1024\" src=\"https:\/\/www.spirit-us.eu\/wp-content\/uploads\/2025\/12\/Copie-de-Copie-de-Copie-de-Copie-de-Copie-de-rituels-protection-1024x1024.png\" class=\"attachment-large size-large wp-image-3467\" alt=\"\" srcset=\"https:\/\/www.spirit-us.eu\/wp-content\/uploads\/2025\/12\/Copie-de-Copie-de-Copie-de-Copie-de-Copie-de-rituels-protection-1024x1024.png 1024w, https:\/\/www.spirit-us.eu\/wp-content\/uploads\/2025\/12\/Copie-de-Copie-de-Copie-de-Copie-de-Copie-de-rituels-protection-300x300.png 300w, https:\/\/www.spirit-us.eu\/wp-content\/uploads\/2025\/12\/Copie-de-Copie-de-Copie-de-Copie-de-Copie-de-rituels-protection-150x150.png 150w, https:\/\/www.spirit-us.eu\/wp-content\/uploads\/2025\/12\/Copie-de-Copie-de-Copie-de-Copie-de-Copie-de-rituels-protection-768x768.png 768w, https:\/\/www.spirit-us.eu\/wp-content\/uploads\/2025\/12\/Copie-de-Copie-de-Copie-de-Copie-de-Copie-de-rituels-protection-600x600.png 600w, https:\/\/www.spirit-us.eu\/wp-content\/uploads\/2025\/12\/Copie-de-Copie-de-Copie-de-Copie-de-Copie-de-rituels-protection-100x100.png 100w, https:\/\/www.spirit-us.eu\/wp-content\/uploads\/2025\/12\/Copie-de-Copie-de-Copie-de-Copie-de-Copie-de-rituels-protection.png 1080w\" sizes=\"(max-width: 1024px) 100vw, 1024px\" \/>\t\t\t\t\t\t\t\t\t\t\t\t\t\t\t<\/div>\n\t\t\t\t<\/div>\n\t\t\t\t<div class=\"elementor-element elementor-element-4bb9915 elementor-widget elementor-widget-image\" data-id=\"4bb9915\" data-element_type=\"widget\" data-e-type=\"widget\" data-widget_type=\"image.default\">\n\t\t\t\t<div class=\"elementor-widget-container\">\n\t\t\t\t\t\t\t\t\t\t\t\t\t\t\t<img decoding=\"async\" width=\"1024\" height=\"1024\" src=\"https:\/\/www.spirit-us.eu\/wp-content\/uploads\/2025\/12\/image-sous-categorie-energetique-voyance-2-1024x1024.png\" class=\"attachment-large size-large wp-image-3464\" alt=\"\" srcset=\"https:\/\/www.spirit-us.eu\/wp-content\/uploads\/2025\/12\/image-sous-categorie-energetique-voyance-2-1024x1024.png 1024w, https:\/\/www.spirit-us.eu\/wp-content\/uploads\/2025\/12\/image-sous-categorie-energetique-voyance-2-300x300.png 300w, https:\/\/www.spirit-us.eu\/wp-content\/uploads\/2025\/12\/image-sous-categorie-energetique-voyance-2-150x150.png 150w, https:\/\/www.spirit-us.eu\/wp-content\/uploads\/2025\/12\/image-sous-categorie-energetique-voyance-2-768x768.png 768w, https:\/\/www.spirit-us.eu\/wp-content\/uploads\/2025\/12\/image-sous-categorie-energetique-voyance-2-600x600.png 600w, https:\/\/www.spirit-us.eu\/wp-content\/uploads\/2025\/12\/image-sous-categorie-energetique-voyance-2-100x100.png 100w, https:\/\/www.spirit-us.eu\/wp-content\/uploads\/2025\/12\/image-sous-categorie-energetique-voyance-2.png 1080w\" sizes=\"(max-width: 1024px) 100vw, 1024px\" \/>\t\t\t\t\t\t\t\t\t\t\t\t\t\t\t<\/div>\n\t\t\t\t<\/div>\n\t\t\t\t<div class=\"elementor-element elementor-element-859deaf elementor-widget elementor-widget-image\" data-id=\"859deaf\" data-element_type=\"widget\" data-e-type=\"widget\" data-widget_type=\"image.default\">\n\t\t\t\t<div class=\"elementor-widget-container\">\n\t\t\t\t\t\t\t\t\t\t\t\t\t\t\t<img loading=\"lazy\" decoding=\"async\" width=\"1024\" height=\"1024\" src=\"https:\/\/www.spirit-us.eu\/wp-content\/uploads\/2025\/12\/geobiologie-sous-categorie-1024x1024.png\" class=\"attachment-large size-large wp-image-3461\" alt=\"\" srcset=\"https:\/\/www.spirit-us.eu\/wp-content\/uploads\/2025\/12\/geobiologie-sous-categorie-1024x1024.png 1024w, https:\/\/www.spirit-us.eu\/wp-content\/uploads\/2025\/12\/geobiologie-sous-categorie-300x300.png 300w, https:\/\/www.spirit-us.eu\/wp-content\/uploads\/2025\/12\/geobiologie-sous-categorie-150x150.png 150w, https:\/\/www.spirit-us.eu\/wp-content\/uploads\/2025\/12\/geobiologie-sous-categorie-768x768.png 768w, https:\/\/www.spirit-us.eu\/wp-content\/uploads\/2025\/12\/geobiologie-sous-categorie-600x600.png 600w, https:\/\/www.spirit-us.eu\/wp-content\/uploads\/2025\/12\/geobiologie-sous-categorie-100x100.png 100w, https:\/\/www.spirit-us.eu\/wp-content\/uploads\/2025\/12\/geobiologie-sous-categorie.png 1080w\" sizes=\"(max-width: 1024px) 100vw, 1024px\" \/>\t\t\t\t\t\t\t\t\t\t\t\t\t\t\t<\/div>\n\t\t\t\t<\/div>\n\t\t\t\t\t<\/div>\n\t\t\t\t<\/div>\n\t\t\t\t<\/div>\n\t\t","protected":false},"excerpt":{"rendered":"<p>Cette cat\u00e9gorie comporte tous les outils pour \u00ab voir l\u2019invisible \u00bb. Voyance, tarots, pendules, outils de g\u00e9obiologie, pyramides correctrices du r\u00e9seau de Hartmann, outils pour l\u2019eau souterraine et les sources. Certains de ces outils sont plus ludiques, comme certains jeux de tarots, ou pendules ouvrag\u00e9s; d\u2019autres sont tr\u00e8s subtils comme le pendule universel, r\u00e9serv\u00e9 aux [&hellip;]<\/p>\n","protected":false},"author":4,"featured_media":3369,"parent":0,"menu_order":0,"comment_status":"closed","ping_status":"closed","template":"","meta":{"footnotes":""},"class_list":["post-3448","page","type-page","status-publish","has-post-thumbnail","hentry"],"yoast_head":"<!-- This site is optimized with the Yoast SEO plugin v27.1.1 - https:\/\/yoast.com\/product\/yoast-seo-wordpress\/ -->\n<title>ENERGIES, voir l&#039;invisible - Spirit-US<\/title>\n<meta name=\"robots\" content=\"index, follow, max-snippet:-1, max-image-preview:large, max-video-preview:-1\" \/>\n<link rel=\"canonical\" href=\"https:\/\/www.spirit-us.eu\/index.php\/energies-voir-linvisible\/\" \/>\n<meta property=\"og:locale\" content=\"fr_FR\" \/>\n<meta property=\"og:type\" content=\"article\" \/>\n<meta property=\"og:title\" content=\"ENERGIES, voir l&#039;invisible - Spirit-US\" \/>\n<meta property=\"og:description\" content=\"Cette cat\u00e9gorie comporte tous les outils pour \u00ab voir l\u2019invisible \u00bb. Voyance, tarots, pendules, outils de g\u00e9obiologie, pyramides correctrices du r\u00e9seau de Hartmann, outils pour l\u2019eau souterraine et les sources. Certains de ces outils sont plus ludiques, comme certains jeux de tarots, ou pendules ouvrag\u00e9s; d\u2019autres sont tr\u00e8s subtils comme le pendule universel, r\u00e9serv\u00e9 aux [&hellip;]\" \/>\n<meta property=\"og:url\" content=\"https:\/\/www.spirit-us.eu\/index.php\/energies-voir-linvisible\/\" \/>\n<meta property=\"og:site_name\" content=\"Spirit-US\" \/>\n<meta property=\"article:publisher\" content=\"https:\/\/www.facebook.com\/spirit.us.deum\" \/>\n<meta property=\"article:modified_time\" content=\"2025-12-21T15:51:55+00:00\" \/>\n<meta property=\"og:image\" content=\"https:\/\/www.spirit-us.eu\/wp-content\/uploads\/2025\/12\/Copie-de-Copie-de-Copie-de-Copie-de-Vignette-Youtube-vlog-routine-Minimal-bleu-beige.png\" \/>\n\t<meta property=\"og:image:width\" content=\"1280\" \/>\n\t<meta property=\"og:image:height\" content=\"720\" \/>\n\t<meta property=\"og:image:type\" content=\"image\/png\" \/>\n<meta name=\"twitter:card\" content=\"summary_large_image\" \/>\n<meta name=\"twitter:label1\" content=\"Dur\u00e9e de lecture estim\u00e9e\" \/>\n\t<meta name=\"twitter:data1\" content=\"2 minutes\" \/>\n<script type=\"application\/ld+json\" class=\"yoast-schema-graph\">{\"@context\":\"https:\/\/schema.org\",\"@graph\":[{\"@type\":\"WebPage\",\"@id\":\"https:\/\/www.spirit-us.eu\/index.php\/energies-voir-linvisible\/\",\"url\":\"https:\/\/www.spirit-us.eu\/index.php\/energies-voir-linvisible\/\",\"name\":\"ENERGIES, voir l'invisible - Spirit-US\",\"isPartOf\":{\"@id\":\"https:\/\/www.spirit-us.eu\/#website\"},\"primaryImageOfPage\":{\"@id\":\"https:\/\/www.spirit-us.eu\/index.php\/energies-voir-linvisible\/#primaryimage\"},\"image\":{\"@id\":\"https:\/\/www.spirit-us.eu\/index.php\/energies-voir-linvisible\/#primaryimage\"},\"thumbnailUrl\":\"https:\/\/www.spirit-us.eu\/wp-content\/uploads\/2025\/12\/Copie-de-Copie-de-Copie-de-Copie-de-Vignette-Youtube-vlog-routine-Minimal-bleu-beige.png\",\"datePublished\":\"2025-12-21T12:10:45+00:00\",\"dateModified\":\"2025-12-21T15:51:55+00:00\",\"breadcrumb\":{\"@id\":\"https:\/\/www.spirit-us.eu\/index.php\/energies-voir-linvisible\/#breadcrumb\"},\"inLanguage\":\"fr-FR\",\"potentialAction\":[{\"@type\":\"ReadAction\",\"target\":[\"https:\/\/www.spirit-us.eu\/index.php\/energies-voir-linvisible\/\"]}]},{\"@type\":\"ImageObject\",\"inLanguage\":\"fr-FR\",\"@id\":\"https:\/\/www.spirit-us.eu\/index.php\/energies-voir-linvisible\/#primaryimage\",\"url\":\"https:\/\/www.spirit-us.eu\/wp-content\/uploads\/2025\/12\/Copie-de-Copie-de-Copie-de-Copie-de-Vignette-Youtube-vlog-routine-Minimal-bleu-beige.png\",\"contentUrl\":\"https:\/\/www.spirit-us.eu\/wp-content\/uploads\/2025\/12\/Copie-de-Copie-de-Copie-de-Copie-de-Vignette-Youtube-vlog-routine-Minimal-bleu-beige.png\",\"width\":1280,\"height\":720},{\"@type\":\"BreadcrumbList\",\"@id\":\"https:\/\/www.spirit-us.eu\/index.php\/energies-voir-linvisible\/#breadcrumb\",\"itemListElement\":[{\"@type\":\"ListItem\",\"position\":1,\"name\":\"Accueil\",\"item\":\"https:\/\/www.spirit-us.eu\/\"},{\"@type\":\"ListItem\",\"position\":2,\"name\":\"ENERGIES, voir l&rsquo;invisible\"}]},{\"@type\":\"WebSite\",\"@id\":\"https:\/\/www.spirit-us.eu\/#website\",\"url\":\"https:\/\/www.spirit-us.eu\/\",\"name\":\"Spirit-US\",\"description\":\"\",\"publisher\":{\"@id\":\"https:\/\/www.spirit-us.eu\/#organization\"},\"potentialAction\":[{\"@type\":\"SearchAction\",\"target\":{\"@type\":\"EntryPoint\",\"urlTemplate\":\"https:\/\/www.spirit-us.eu\/?s={search_term_string}\"},\"query-input\":{\"@type\":\"PropertyValueSpecification\",\"valueRequired\":true,\"valueName\":\"search_term_string\"}}],\"inLanguage\":\"fr-FR\"},{\"@type\":\"Organization\",\"@id\":\"https:\/\/www.spirit-us.eu\/#organization\",\"name\":\"Spirit-US\",\"url\":\"https:\/\/www.spirit-us.eu\/\",\"logo\":{\"@type\":\"ImageObject\",\"inLanguage\":\"fr-FR\",\"@id\":\"https:\/\/www.spirit-us.eu\/#\/schema\/logo\/image\/\",\"url\":\"https:\/\/www.spirit-us.eu\/wp-content\/uploads\/2025\/11\/logo-regarde-linterlocutrice-sans-arrriere-plan.jpg\",\"contentUrl\":\"https:\/\/www.spirit-us.eu\/wp-content\/uploads\/2025\/11\/logo-regarde-linterlocutrice-sans-arrriere-plan.jpg\",\"width\":1080,\"height\":1080,\"caption\":\"Spirit-US\"},\"image\":{\"@id\":\"https:\/\/www.spirit-us.eu\/#\/schema\/logo\/image\/\"},\"sameAs\":[\"https:\/\/www.facebook.com\/spirit.us.deum\"]}]}<\/script>\n<!-- \/ Yoast SEO plugin. -->","yoast_head_json":{"title":"ENERGIES, voir l'invisible - Spirit-US","robots":{"index":"index","follow":"follow","max-snippet":"max-snippet:-1","max-image-preview":"max-image-preview:large","max-video-preview":"max-video-preview:-1"},"canonical":"https:\/\/www.spirit-us.eu\/index.php\/energies-voir-linvisible\/","og_locale":"fr_FR","og_type":"article","og_title":"ENERGIES, voir l'invisible - Spirit-US","og_description":"Cette cat\u00e9gorie comporte tous les outils pour \u00ab voir l\u2019invisible \u00bb. Voyance, tarots, pendules, outils de g\u00e9obiologie, pyramides correctrices du r\u00e9seau de Hartmann, outils pour l\u2019eau souterraine et les sources. Certains de ces outils sont plus ludiques, comme certains jeux de tarots, ou pendules ouvrag\u00e9s; d\u2019autres sont tr\u00e8s subtils comme le pendule universel, r\u00e9serv\u00e9 aux [&hellip;]","og_url":"https:\/\/www.spirit-us.eu\/index.php\/energies-voir-linvisible\/","og_site_name":"Spirit-US","article_publisher":"https:\/\/www.facebook.com\/spirit.us.deum","article_modified_time":"2025-12-21T15:51:55+00:00","og_image":[{"width":1280,"height":720,"url":"https:\/\/www.spirit-us.eu\/wp-content\/uploads\/2025\/12\/Copie-de-Copie-de-Copie-de-Copie-de-Vignette-Youtube-vlog-routine-Minimal-bleu-beige.png","type":"image\/png"}],"twitter_card":"summary_large_image","twitter_misc":{"Dur\u00e9e de lecture estim\u00e9e":"2 minutes"},"schema":{"@context":"https:\/\/schema.org","@graph":[{"@type":"WebPage","@id":"https:\/\/www.spirit-us.eu\/index.php\/energies-voir-linvisible\/","url":"https:\/\/www.spirit-us.eu\/index.php\/energies-voir-linvisible\/","name":"ENERGIES, voir l'invisible - Spirit-US","isPartOf":{"@id":"https:\/\/www.spirit-us.eu\/#website"},"primaryImageOfPage":{"@id":"https:\/\/www.spirit-us.eu\/index.php\/energies-voir-linvisible\/#primaryimage"},"image":{"@id":"https:\/\/www.spirit-us.eu\/index.php\/energies-voir-linvisible\/#primaryimage"},"thumbnailUrl":"https:\/\/www.spirit-us.eu\/wp-content\/uploads\/2025\/12\/Copie-de-Copie-de-Copie-de-Copie-de-Vignette-Youtube-vlog-routine-Minimal-bleu-beige.png","datePublished":"2025-12-21T12:10:45+00:00","dateModified":"2025-12-21T15:51:55+00:00","breadcrumb":{"@id":"https:\/\/www.spirit-us.eu\/index.php\/energies-voir-linvisible\/#breadcrumb"},"inLanguage":"fr-FR","potentialAction":[{"@type":"ReadAction","target":["https:\/\/www.spirit-us.eu\/index.php\/energies-voir-linvisible\/"]}]},{"@type":"ImageObject","inLanguage":"fr-FR","@id":"https:\/\/www.spirit-us.eu\/index.php\/energies-voir-linvisible\/#primaryimage","url":"https:\/\/www.spirit-us.eu\/wp-content\/uploads\/2025\/12\/Copie-de-Copie-de-Copie-de-Copie-de-Vignette-Youtube-vlog-routine-Minimal-bleu-beige.png","contentUrl":"https:\/\/www.spirit-us.eu\/wp-content\/uploads\/2025\/12\/Copie-de-Copie-de-Copie-de-Copie-de-Vignette-Youtube-vlog-routine-Minimal-bleu-beige.png","width":1280,"height":720},{"@type":"BreadcrumbList","@id":"https:\/\/www.spirit-us.eu\/index.php\/energies-voir-linvisible\/#breadcrumb","itemListElement":[{"@type":"ListItem","position":1,"name":"Accueil","item":"https:\/\/www.spirit-us.eu\/"},{"@type":"ListItem","position":2,"name":"ENERGIES, voir l&rsquo;invisible"}]},{"@type":"WebSite","@id":"https:\/\/www.spirit-us.eu\/#website","url":"https:\/\/www.spirit-us.eu\/","name":"Spirit-US","description":"","publisher":{"@id":"https:\/\/www.spirit-us.eu\/#organization"},"potentialAction":[{"@type":"SearchAction","target":{"@type":"EntryPoint","urlTemplate":"https:\/\/www.spirit-us.eu\/?s={search_term_string}"},"query-input":{"@type":"PropertyValueSpecification","valueRequired":true,"valueName":"search_term_string"}}],"inLanguage":"fr-FR"},{"@type":"Organization","@id":"https:\/\/www.spirit-us.eu\/#organization","name":"Spirit-US","url":"https:\/\/www.spirit-us.eu\/","logo":{"@type":"ImageObject","inLanguage":"fr-FR","@id":"https:\/\/www.spirit-us.eu\/#\/schema\/logo\/image\/","url":"https:\/\/www.spirit-us.eu\/wp-content\/uploads\/2025\/11\/logo-regarde-linterlocutrice-sans-arrriere-plan.jpg","contentUrl":"https:\/\/www.spirit-us.eu\/wp-content\/uploads\/2025\/11\/logo-regarde-linterlocutrice-sans-arrriere-plan.jpg","width":1080,"height":1080,"caption":"Spirit-US"},"image":{"@id":"https:\/\/www.spirit-us.eu\/#\/schema\/logo\/image\/"},"sameAs":["https:\/\/www.facebook.com\/spirit.us.deum"]}]}},"jetpack_sharing_enabled":true,"_links":{"self":[{"href":"https:\/\/www.spirit-us.eu\/index.php\/wp-json\/wp\/v2\/pages\/3448","targetHints":{"allow":["GET"]}}],"collection":[{"href":"https:\/\/www.spirit-us.eu\/index.php\/wp-json\/wp\/v2\/pages"}],"about":[{"href":"https:\/\/www.spirit-us.eu\/index.php\/wp-json\/wp\/v2\/types\/page"}],"author":[{"embeddable":true,"href":"https:\/\/www.spirit-us.eu\/index.php\/wp-json\/wp\/v2\/users\/4"}],"replies":[{"embeddable":true,"href":"https:\/\/www.spirit-us.eu\/index.php\/wp-json\/wp\/v2\/comments?post=3448"}],"version-history":[{"count":13,"href":"https:\/\/www.spirit-us.eu\/index.php\/wp-json\/wp\/v2\/pages\/3448\/revisions"}],"predecessor-version":[{"id":3470,"href":"https:\/\/www.spirit-us.eu\/index.php\/wp-json\/wp\/v2\/pages\/3448\/revisions\/3470"}],"wp:featuredmedia":[{"embeddable":true,"href":"https:\/\/www.spirit-us.eu\/index.php\/wp-json\/wp\/v2\/media\/3369"}],"wp:attachment":[{"href":"https:\/\/www.spirit-us.eu\/index.php\/wp-json\/wp\/v2\/media?parent=3448"}],"curies":[{"name":"wp","href":"https:\/\/api.w.org\/{rel}","templated":true}]}}