{"id":2151,"date":"2025-10-07T16:39:19","date_gmt":"2025-10-07T14:39:19","guid":{"rendered":"https:\/\/www.spirit-us.eu\/?page_id=2151"},"modified":"2025-10-07T17:29:33","modified_gmt":"2025-10-07T15:29:33","slug":"les-pentacles-leurs-pouvoirs-mysterieux-leur-beaute","status":"publish","type":"page","link":"https:\/\/www.spirit-us.eu\/index.php\/les-pentacles-leurs-pouvoirs-mysterieux-leur-beaute\/","title":{"rendered":"PENTACLES"},"content":{"rendered":"\t\t<div data-elementor-type=\"wp-page\" data-elementor-id=\"2151\" class=\"elementor elementor-2151\" data-elementor-post-type=\"page\">\n\t\t\t\t<div class=\"elementor-element elementor-element-94caf7f e-flex e-con-boxed e-con e-parent\" data-id=\"94caf7f\" data-element_type=\"container\" data-e-type=\"container\">\n\t\t\t\t\t<div class=\"e-con-inner\">\n\t\t\t\t<div class=\"elementor-element elementor-element-b80cd50 elementor-widget elementor-widget-spacer\" data-id=\"b80cd50\" data-element_type=\"widget\" data-e-type=\"widget\" data-widget_type=\"spacer.default\">\n\t\t\t\t<div class=\"elementor-widget-container\">\n\t\t\t\t\t\t\t<div class=\"elementor-spacer\">\n\t\t\t<div class=\"elementor-spacer-inner\"><\/div>\n\t\t<\/div>\n\t\t\t\t\t\t<\/div>\n\t\t\t\t<\/div>\n\t\t\t\t<div class=\"elementor-element elementor-element-96a31cb elementor-widget elementor-widget-heading\" data-id=\"96a31cb\" data-element_type=\"widget\" data-e-type=\"widget\" data-widget_type=\"heading.default\">\n\t\t\t\t<div class=\"elementor-widget-container\">\n\t\t\t\t\t<h2 class=\"elementor-heading-title elementor-size-default\">LES PENTACLES ET LEURS POUVOIRS MYSTERIEUX<\/h2>\t\t\t\t<\/div>\n\t\t\t\t<\/div>\n\t\t\t\t<div class=\"elementor-element elementor-element-1e36350 elementor-widget elementor-widget-spacer\" data-id=\"1e36350\" data-element_type=\"widget\" data-e-type=\"widget\" data-widget_type=\"spacer.default\">\n\t\t\t\t<div class=\"elementor-widget-container\">\n\t\t\t\t\t\t\t<div class=\"elementor-spacer\">\n\t\t\t<div class=\"elementor-spacer-inner\"><\/div>\n\t\t<\/div>\n\t\t\t\t\t\t<\/div>\n\t\t\t\t<\/div>\n\t\t\t\t\t<\/div>\n\t\t\t\t<\/div>\n\t\t<div class=\"elementor-element elementor-element-426b13b e-flex e-con-boxed e-con e-parent\" data-id=\"426b13b\" data-element_type=\"container\" data-e-type=\"container\">\n\t\t\t\t\t<div class=\"e-con-inner\">\n\t\t\t\t<div class=\"elementor-element elementor-element-be48bcb elementor-widget elementor-widget-image\" data-id=\"be48bcb\" data-element_type=\"widget\" data-e-type=\"widget\" data-widget_type=\"image.default\">\n\t\t\t\t<div class=\"elementor-widget-container\">\n\t\t\t\t\t\t\t\t\t\t\t\t\t\t\t<img fetchpriority=\"high\" decoding=\"async\" width=\"1024\" height=\"512\" src=\"https:\/\/www.spirit-us.eu\/wp-content\/uploads\/2025\/10\/pentacle-pour-page-site-1024x512.png\" class=\"attachment-large size-large wp-image-2162\" alt=\"\" srcset=\"https:\/\/www.spirit-us.eu\/wp-content\/uploads\/2025\/10\/pentacle-pour-page-site-1024x512.png 1024w, https:\/\/www.spirit-us.eu\/wp-content\/uploads\/2025\/10\/pentacle-pour-page-site-300x150.png 300w, https:\/\/www.spirit-us.eu\/wp-content\/uploads\/2025\/10\/pentacle-pour-page-site-768x384.png 768w, https:\/\/www.spirit-us.eu\/wp-content\/uploads\/2025\/10\/pentacle-pour-page-site-1536x768.png 1536w, https:\/\/www.spirit-us.eu\/wp-content\/uploads\/2025\/10\/pentacle-pour-page-site-2048x1024.png 2048w, https:\/\/www.spirit-us.eu\/wp-content\/uploads\/2025\/10\/pentacle-pour-page-site-1320x660.png 1320w, https:\/\/www.spirit-us.eu\/wp-content\/uploads\/2025\/10\/pentacle-pour-page-site-600x300.png 600w\" sizes=\"(max-width: 1024px) 100vw, 1024px\" \/>\t\t\t\t\t\t\t\t\t\t\t\t\t\t\t<\/div>\n\t\t\t\t<\/div>\n\t\t\t\t\t<\/div>\n\t\t\t\t<\/div>\n\t\t<div class=\"elementor-element elementor-element-d0f7fcb e-flex e-con-boxed e-con e-parent\" data-id=\"d0f7fcb\" data-element_type=\"container\" data-e-type=\"container\">\n\t\t\t\t\t<div class=\"e-con-inner\">\n\t\t\t\t<div class=\"elementor-element elementor-element-2f97fa9 elementor-widget elementor-widget-spacer\" data-id=\"2f97fa9\" data-element_type=\"widget\" data-e-type=\"widget\" data-widget_type=\"spacer.default\">\n\t\t\t\t<div class=\"elementor-widget-container\">\n\t\t\t\t\t\t\t<div class=\"elementor-spacer\">\n\t\t\t<div class=\"elementor-spacer-inner\"><\/div>\n\t\t<\/div>\n\t\t\t\t\t\t<\/div>\n\t\t\t\t<\/div>\n\t\t\t\t<div class=\"elementor-element elementor-element-0e5a784 elementor-widget elementor-widget-text-editor\" data-id=\"0e5a784\" data-element_type=\"widget\" data-e-type=\"widget\" data-widget_type=\"text-editor.default\">\n\t\t\t\t<div class=\"elementor-widget-container\">\n\t\t\t\t\t\t\t\t\t<p style=\"text-align: justify;\">Le magn\u00e9tisme des pentacles est la vertu que poss\u00e8dent les talismans d\u2019attirer les fluides b\u00e9n\u00e9fiques et les intentions dites lors de leur cons\u00e9cration.\u00a0 Nous cherchons toutes et tous \u00e0 am\u00e9liorer notre sort, notre sant\u00e9, notre position sociale ou \u00e9conomique\u00a0; nous voulons \u00e9chapper aux mauvaises influences, aux personnes malintentionn\u00e9es, aux emprises.<\/p><p style=\"text-align: justify;\">Nous cherchons donc ce qui va nous en pr\u00e9munir et nous r\u00e9conforter dans l\u2019\u00e9preuve.\u00a0 La pri\u00e8re et la foi sont les armes les plus puissantes contre le mal quel qu\u2019il soit, mais nous sommes des \u00eatres humains et nous pouvons avoir besoin aussi d\u2019\u00e9l\u00e9ments concrets nous reliant \u00e0 ces demandes faites dans l\u2019amour au monde invisible et au Divin.<\/p><p style=\"text-align: justify;\">Au-del\u00e0 de toutes les religions, transmis par les Traditions les plus anciennes, les supports talismaniques sont charg\u00e9s de communiquer la puissance de leur intention dans l\u2019intime de notre sph\u00e8re ou aux yeux de tous.\u00a0 Ils sont faits de m\u00e9taux, de parchemin, de pierres, de plantes, de couleurs \u2026 Ils sont puissants et beaux.\u00a0 Les regarder ou les toucher rassure et r\u00e9jouit le c\u0153ur.<\/p><p style=\"text-align: justify;\">Le magn\u00e9tisme des pentacles est le compl\u00e9ment indispensable de tout rituel et de toute demande fervente formul\u00e9e vers le Divin.\u00a0 La pri\u00e8re est abstraite, le pentacle ou le talisman sont des objets concrets. La pri\u00e8re fait appel aux forces b\u00e9n\u00e9fiques dans le monde invisible, le talisman, la m\u00e9daille, attirent ces m\u00eames forces.<\/p><p style=\"text-align: justify;\">En ce sens porter ces objets sur soi, c\u2019est renforcer la loi d\u2019attraction, activ\u00e9e par la demande fervente.\u00a0<\/p><p style=\"text-align: justify;\">Ce site vous propose des pentacles consacr\u00e9s et manufactur\u00e9s avec le plus grand soin.\u00a0<\/p>\t\t\t\t\t\t\t\t<\/div>\n\t\t\t\t<\/div>\n\t\t\t\t\t<\/div>\n\t\t\t\t<\/div>\n\t\t\t\t<\/div>\n\t\t","protected":false},"excerpt":{"rendered":"<p>LES PENTACLES ET LEURS POUVOIRS MYSTERIEUX Le magn\u00e9tisme des pentacles est la vertu que poss\u00e8dent les talismans d\u2019attirer les fluides b\u00e9n\u00e9fiques et les intentions dites lors de leur cons\u00e9cration.\u00a0 Nous cherchons toutes et tous \u00e0 am\u00e9liorer notre sort, notre sant\u00e9, notre position sociale ou \u00e9conomique\u00a0; nous voulons \u00e9chapper aux mauvaises influences, aux personnes malintentionn\u00e9es, aux [&hellip;]<\/p>\n","protected":false},"author":2,"featured_media":0,"parent":0,"menu_order":0,"comment_status":"closed","ping_status":"closed","template":"","meta":{"footnotes":""},"class_list":["post-2151","page","type-page","status-publish","hentry"],"yoast_head":"<!-- This site is optimized with the Yoast SEO plugin v27.1.1 - https:\/\/yoast.com\/product\/yoast-seo-wordpress\/ -->\n<title>PENTACLES - Spirit-US<\/title>\n<meta name=\"robots\" content=\"index, follow, max-snippet:-1, max-image-preview:large, max-video-preview:-1\" \/>\n<link rel=\"canonical\" href=\"https:\/\/www.spirit-us.eu\/index.php\/les-pentacles-leurs-pouvoirs-mysterieux-leur-beaute\/\" \/>\n<meta property=\"og:locale\" content=\"fr_FR\" \/>\n<meta property=\"og:type\" content=\"article\" \/>\n<meta property=\"og:title\" content=\"PENTACLES - Spirit-US\" \/>\n<meta property=\"og:description\" content=\"LES PENTACLES ET LEURS POUVOIRS MYSTERIEUX Le magn\u00e9tisme des pentacles est la vertu que poss\u00e8dent les talismans d\u2019attirer les fluides b\u00e9n\u00e9fiques et les intentions dites lors de leur cons\u00e9cration.\u00a0 Nous cherchons toutes et tous \u00e0 am\u00e9liorer notre sort, notre sant\u00e9, notre position sociale ou \u00e9conomique\u00a0; nous voulons \u00e9chapper aux mauvaises influences, aux personnes malintentionn\u00e9es, aux [&hellip;]\" \/>\n<meta property=\"og:url\" content=\"https:\/\/www.spirit-us.eu\/index.php\/les-pentacles-leurs-pouvoirs-mysterieux-leur-beaute\/\" \/>\n<meta property=\"og:site_name\" content=\"Spirit-US\" \/>\n<meta property=\"article:publisher\" content=\"https:\/\/www.facebook.com\/spirit.us.deum\" \/>\n<meta property=\"article:modified_time\" content=\"2025-10-07T15:29:33+00:00\" \/>\n<meta property=\"og:image\" content=\"https:\/\/www.spirit-us.eu\/wp-content\/uploads\/2025\/10\/pentacle-pour-page-site-1024x512.png\" \/>\n\t<meta property=\"og:image:width\" content=\"1024\" \/>\n\t<meta property=\"og:image:height\" content=\"512\" \/>\n\t<meta property=\"og:image:type\" content=\"image\/png\" \/>\n<meta name=\"twitter:card\" content=\"summary_large_image\" \/>\n<meta name=\"twitter:label1\" content=\"Dur\u00e9e de lecture estim\u00e9e\" \/>\n\t<meta name=\"twitter:data1\" content=\"1 minute\" \/>\n<script type=\"application\/ld+json\" class=\"yoast-schema-graph\">{\"@context\":\"https:\/\/schema.org\",\"@graph\":[{\"@type\":\"WebPage\",\"@id\":\"https:\/\/www.spirit-us.eu\/index.php\/les-pentacles-leurs-pouvoirs-mysterieux-leur-beaute\/\",\"url\":\"https:\/\/www.spirit-us.eu\/index.php\/les-pentacles-leurs-pouvoirs-mysterieux-leur-beaute\/\",\"name\":\"PENTACLES - Spirit-US\",\"isPartOf\":{\"@id\":\"https:\/\/www.spirit-us.eu\/#website\"},\"primaryImageOfPage\":{\"@id\":\"https:\/\/www.spirit-us.eu\/index.php\/les-pentacles-leurs-pouvoirs-mysterieux-leur-beaute\/#primaryimage\"},\"image\":{\"@id\":\"https:\/\/www.spirit-us.eu\/index.php\/les-pentacles-leurs-pouvoirs-mysterieux-leur-beaute\/#primaryimage\"},\"thumbnailUrl\":\"https:\/\/www.spirit-us.eu\/wp-content\/uploads\/2025\/10\/pentacle-pour-page-site-1024x512.png\",\"datePublished\":\"2025-10-07T14:39:19+00:00\",\"dateModified\":\"2025-10-07T15:29:33+00:00\",\"breadcrumb\":{\"@id\":\"https:\/\/www.spirit-us.eu\/index.php\/les-pentacles-leurs-pouvoirs-mysterieux-leur-beaute\/#breadcrumb\"},\"inLanguage\":\"fr-FR\",\"potentialAction\":[{\"@type\":\"ReadAction\",\"target\":[\"https:\/\/www.spirit-us.eu\/index.php\/les-pentacles-leurs-pouvoirs-mysterieux-leur-beaute\/\"]}]},{\"@type\":\"ImageObject\",\"inLanguage\":\"fr-FR\",\"@id\":\"https:\/\/www.spirit-us.eu\/index.php\/les-pentacles-leurs-pouvoirs-mysterieux-leur-beaute\/#primaryimage\",\"url\":\"https:\/\/www.spirit-us.eu\/wp-content\/uploads\/2025\/10\/pentacle-pour-page-site-scaled.png\",\"contentUrl\":\"https:\/\/www.spirit-us.eu\/wp-content\/uploads\/2025\/10\/pentacle-pour-page-site-scaled.png\",\"width\":2560,\"height\":1280},{\"@type\":\"BreadcrumbList\",\"@id\":\"https:\/\/www.spirit-us.eu\/index.php\/les-pentacles-leurs-pouvoirs-mysterieux-leur-beaute\/#breadcrumb\",\"itemListElement\":[{\"@type\":\"ListItem\",\"position\":1,\"name\":\"Accueil\",\"item\":\"https:\/\/www.spirit-us.eu\/\"},{\"@type\":\"ListItem\",\"position\":2,\"name\":\"PENTACLES\"}]},{\"@type\":\"WebSite\",\"@id\":\"https:\/\/www.spirit-us.eu\/#website\",\"url\":\"https:\/\/www.spirit-us.eu\/\",\"name\":\"Spirit-US\",\"description\":\"\",\"publisher\":{\"@id\":\"https:\/\/www.spirit-us.eu\/#organization\"},\"potentialAction\":[{\"@type\":\"SearchAction\",\"target\":{\"@type\":\"EntryPoint\",\"urlTemplate\":\"https:\/\/www.spirit-us.eu\/?s={search_term_string}\"},\"query-input\":{\"@type\":\"PropertyValueSpecification\",\"valueRequired\":true,\"valueName\":\"search_term_string\"}}],\"inLanguage\":\"fr-FR\"},{\"@type\":\"Organization\",\"@id\":\"https:\/\/www.spirit-us.eu\/#organization\",\"name\":\"Spirit-US\",\"url\":\"https:\/\/www.spirit-us.eu\/\",\"logo\":{\"@type\":\"ImageObject\",\"inLanguage\":\"fr-FR\",\"@id\":\"https:\/\/www.spirit-us.eu\/#\/schema\/logo\/image\/\",\"url\":\"https:\/\/www.spirit-us.eu\/wp-content\/uploads\/2025\/11\/logo-regarde-linterlocutrice-sans-arrriere-plan.jpg\",\"contentUrl\":\"https:\/\/www.spirit-us.eu\/wp-content\/uploads\/2025\/11\/logo-regarde-linterlocutrice-sans-arrriere-plan.jpg\",\"width\":1080,\"height\":1080,\"caption\":\"Spirit-US\"},\"image\":{\"@id\":\"https:\/\/www.spirit-us.eu\/#\/schema\/logo\/image\/\"},\"sameAs\":[\"https:\/\/www.facebook.com\/spirit.us.deum\"]}]}<\/script>\n<!-- \/ Yoast SEO plugin. -->","yoast_head_json":{"title":"PENTACLES - Spirit-US","robots":{"index":"index","follow":"follow","max-snippet":"max-snippet:-1","max-image-preview":"max-image-preview:large","max-video-preview":"max-video-preview:-1"},"canonical":"https:\/\/www.spirit-us.eu\/index.php\/les-pentacles-leurs-pouvoirs-mysterieux-leur-beaute\/","og_locale":"fr_FR","og_type":"article","og_title":"PENTACLES - Spirit-US","og_description":"LES PENTACLES ET LEURS POUVOIRS MYSTERIEUX Le magn\u00e9tisme des pentacles est la vertu que poss\u00e8dent les talismans d\u2019attirer les fluides b\u00e9n\u00e9fiques et les intentions dites lors de leur cons\u00e9cration.\u00a0 Nous cherchons toutes et tous \u00e0 am\u00e9liorer notre sort, notre sant\u00e9, notre position sociale ou \u00e9conomique\u00a0; nous voulons \u00e9chapper aux mauvaises influences, aux personnes malintentionn\u00e9es, aux [&hellip;]","og_url":"https:\/\/www.spirit-us.eu\/index.php\/les-pentacles-leurs-pouvoirs-mysterieux-leur-beaute\/","og_site_name":"Spirit-US","article_publisher":"https:\/\/www.facebook.com\/spirit.us.deum","article_modified_time":"2025-10-07T15:29:33+00:00","og_image":[{"width":1024,"height":512,"url":"https:\/\/www.spirit-us.eu\/wp-content\/uploads\/2025\/10\/pentacle-pour-page-site-1024x512.png","type":"image\/png"}],"twitter_card":"summary_large_image","twitter_misc":{"Dur\u00e9e de lecture estim\u00e9e":"1 minute"},"schema":{"@context":"https:\/\/schema.org","@graph":[{"@type":"WebPage","@id":"https:\/\/www.spirit-us.eu\/index.php\/les-pentacles-leurs-pouvoirs-mysterieux-leur-beaute\/","url":"https:\/\/www.spirit-us.eu\/index.php\/les-pentacles-leurs-pouvoirs-mysterieux-leur-beaute\/","name":"PENTACLES - Spirit-US","isPartOf":{"@id":"https:\/\/www.spirit-us.eu\/#website"},"primaryImageOfPage":{"@id":"https:\/\/www.spirit-us.eu\/index.php\/les-pentacles-leurs-pouvoirs-mysterieux-leur-beaute\/#primaryimage"},"image":{"@id":"https:\/\/www.spirit-us.eu\/index.php\/les-pentacles-leurs-pouvoirs-mysterieux-leur-beaute\/#primaryimage"},"thumbnailUrl":"https:\/\/www.spirit-us.eu\/wp-content\/uploads\/2025\/10\/pentacle-pour-page-site-1024x512.png","datePublished":"2025-10-07T14:39:19+00:00","dateModified":"2025-10-07T15:29:33+00:00","breadcrumb":{"@id":"https:\/\/www.spirit-us.eu\/index.php\/les-pentacles-leurs-pouvoirs-mysterieux-leur-beaute\/#breadcrumb"},"inLanguage":"fr-FR","potentialAction":[{"@type":"ReadAction","target":["https:\/\/www.spirit-us.eu\/index.php\/les-pentacles-leurs-pouvoirs-mysterieux-leur-beaute\/"]}]},{"@type":"ImageObject","inLanguage":"fr-FR","@id":"https:\/\/www.spirit-us.eu\/index.php\/les-pentacles-leurs-pouvoirs-mysterieux-leur-beaute\/#primaryimage","url":"https:\/\/www.spirit-us.eu\/wp-content\/uploads\/2025\/10\/pentacle-pour-page-site-scaled.png","contentUrl":"https:\/\/www.spirit-us.eu\/wp-content\/uploads\/2025\/10\/pentacle-pour-page-site-scaled.png","width":2560,"height":1280},{"@type":"BreadcrumbList","@id":"https:\/\/www.spirit-us.eu\/index.php\/les-pentacles-leurs-pouvoirs-mysterieux-leur-beaute\/#breadcrumb","itemListElement":[{"@type":"ListItem","position":1,"name":"Accueil","item":"https:\/\/www.spirit-us.eu\/"},{"@type":"ListItem","position":2,"name":"PENTACLES"}]},{"@type":"WebSite","@id":"https:\/\/www.spirit-us.eu\/#website","url":"https:\/\/www.spirit-us.eu\/","name":"Spirit-US","description":"","publisher":{"@id":"https:\/\/www.spirit-us.eu\/#organization"},"potentialAction":[{"@type":"SearchAction","target":{"@type":"EntryPoint","urlTemplate":"https:\/\/www.spirit-us.eu\/?s={search_term_string}"},"query-input":{"@type":"PropertyValueSpecification","valueRequired":true,"valueName":"search_term_string"}}],"inLanguage":"fr-FR"},{"@type":"Organization","@id":"https:\/\/www.spirit-us.eu\/#organization","name":"Spirit-US","url":"https:\/\/www.spirit-us.eu\/","logo":{"@type":"ImageObject","inLanguage":"fr-FR","@id":"https:\/\/www.spirit-us.eu\/#\/schema\/logo\/image\/","url":"https:\/\/www.spirit-us.eu\/wp-content\/uploads\/2025\/11\/logo-regarde-linterlocutrice-sans-arrriere-plan.jpg","contentUrl":"https:\/\/www.spirit-us.eu\/wp-content\/uploads\/2025\/11\/logo-regarde-linterlocutrice-sans-arrriere-plan.jpg","width":1080,"height":1080,"caption":"Spirit-US"},"image":{"@id":"https:\/\/www.spirit-us.eu\/#\/schema\/logo\/image\/"},"sameAs":["https:\/\/www.facebook.com\/spirit.us.deum"]}]}},"jetpack_sharing_enabled":true,"_links":{"self":[{"href":"https:\/\/www.spirit-us.eu\/index.php\/wp-json\/wp\/v2\/pages\/2151","targetHints":{"allow":["GET"]}}],"collection":[{"href":"https:\/\/www.spirit-us.eu\/index.php\/wp-json\/wp\/v2\/pages"}],"about":[{"href":"https:\/\/www.spirit-us.eu\/index.php\/wp-json\/wp\/v2\/types\/page"}],"author":[{"embeddable":true,"href":"https:\/\/www.spirit-us.eu\/index.php\/wp-json\/wp\/v2\/users\/2"}],"replies":[{"embeddable":true,"href":"https:\/\/www.spirit-us.eu\/index.php\/wp-json\/wp\/v2\/comments?post=2151"}],"version-history":[{"count":14,"href":"https:\/\/www.spirit-us.eu\/index.php\/wp-json\/wp\/v2\/pages\/2151\/revisions"}],"predecessor-version":[{"id":2171,"href":"https:\/\/www.spirit-us.eu\/index.php\/wp-json\/wp\/v2\/pages\/2151\/revisions\/2171"}],"wp:attachment":[{"href":"https:\/\/www.spirit-us.eu\/index.php\/wp-json\/wp\/v2\/media?parent=2151"}],"curies":[{"name":"wp","href":"https:\/\/api.w.org\/{rel}","templated":true}]}}