{"id":1665,"date":"2025-05-23T12:23:41","date_gmt":"2025-05-23T10:23:41","guid":{"rendered":"https:\/\/www.spirit-us.eu\/?page_id=1665"},"modified":"2025-05-23T12:42:35","modified_gmt":"2025-05-23T10:42:35","slug":"pieces-rares","status":"publish","type":"page","link":"https:\/\/www.spirit-us.eu\/index.php\/pieces-rares\/","title":{"rendered":"PIECES RARES"},"content":{"rendered":"\t\t<div data-elementor-type=\"wp-page\" data-elementor-id=\"1665\" class=\"elementor elementor-1665\" data-elementor-post-type=\"page\">\n\t\t\t\t<div class=\"elementor-element elementor-element-97d68e9 e-flex e-con-boxed e-con e-parent\" data-id=\"97d68e9\" data-element_type=\"container\" data-e-type=\"container\">\n\t\t\t\t\t<div class=\"e-con-inner\">\n\t\t\t\t<div class=\"elementor-element elementor-element-46a7ab2 elementor-widget elementor-widget-spacer\" data-id=\"46a7ab2\" data-element_type=\"widget\" data-e-type=\"widget\" data-widget_type=\"spacer.default\">\n\t\t\t\t<div class=\"elementor-widget-container\">\n\t\t\t\t\t\t\t<div class=\"elementor-spacer\">\n\t\t\t<div class=\"elementor-spacer-inner\"><\/div>\n\t\t<\/div>\n\t\t\t\t\t\t<\/div>\n\t\t\t\t<\/div>\n\t\t\t\t<div class=\"elementor-element elementor-element-3166fc5 elementor-widget elementor-widget-image\" data-id=\"3166fc5\" data-element_type=\"widget\" data-e-type=\"widget\" data-widget_type=\"image.default\">\n\t\t\t\t<div class=\"elementor-widget-container\">\n\t\t\t\t\t\t\t\t\t\t\t\t\t\t\t<img fetchpriority=\"high\" decoding=\"async\" width=\"1024\" height=\"512\" src=\"https:\/\/www.spirit-us.eu\/wp-content\/uploads\/2025\/05\/Categorie-Objets-rares-uniques-1024x512.png\" class=\"attachment-large size-large wp-image-1669\" alt=\"\" srcset=\"https:\/\/www.spirit-us.eu\/wp-content\/uploads\/2025\/05\/Categorie-Objets-rares-uniques-1024x512.png 1024w, https:\/\/www.spirit-us.eu\/wp-content\/uploads\/2025\/05\/Categorie-Objets-rares-uniques-300x150.png 300w, https:\/\/www.spirit-us.eu\/wp-content\/uploads\/2025\/05\/Categorie-Objets-rares-uniques-768x384.png 768w, https:\/\/www.spirit-us.eu\/wp-content\/uploads\/2025\/05\/Categorie-Objets-rares-uniques-1536x768.png 1536w, https:\/\/www.spirit-us.eu\/wp-content\/uploads\/2025\/05\/Categorie-Objets-rares-uniques-2048x1024.png 2048w, https:\/\/www.spirit-us.eu\/wp-content\/uploads\/2025\/05\/Categorie-Objets-rares-uniques-1320x660.png 1320w, https:\/\/www.spirit-us.eu\/wp-content\/uploads\/2025\/05\/Categorie-Objets-rares-uniques-600x300.png 600w\" sizes=\"(max-width: 1024px) 100vw, 1024px\" \/>\t\t\t\t\t\t\t\t\t\t\t\t\t\t\t<\/div>\n\t\t\t\t<\/div>\n\t\t\t\t<div class=\"elementor-element elementor-element-6257ac8 elementor-widget elementor-widget-spacer\" data-id=\"6257ac8\" data-element_type=\"widget\" data-e-type=\"widget\" data-widget_type=\"spacer.default\">\n\t\t\t\t<div class=\"elementor-widget-container\">\n\t\t\t\t\t\t\t<div class=\"elementor-spacer\">\n\t\t\t<div class=\"elementor-spacer-inner\"><\/div>\n\t\t<\/div>\n\t\t\t\t\t\t<\/div>\n\t\t\t\t<\/div>\n\t\t\t\t\t<\/div>\n\t\t\t\t<\/div>\n\t\t<div class=\"elementor-element elementor-element-1eac64f e-flex e-con-boxed e-con e-parent\" data-id=\"1eac64f\" data-element_type=\"container\" data-e-type=\"container\">\n\t\t\t\t\t<div class=\"e-con-inner\">\n\t\t\t\t<div class=\"elementor-element elementor-element-98c9254 elementor-widget elementor-widget-text-editor\" data-id=\"98c9254\" data-element_type=\"widget\" data-e-type=\"widget\" data-widget_type=\"text-editor.default\">\n\t\t\t\t<div class=\"elementor-widget-container\">\n\t\t\t\t\t\t\t\t\t<p style=\"text-align: justify;\">Cette cat\u00e9gorie est r\u00e9serv\u00e9e aux objets uniques, rares, pr\u00e9cieux.\u00a0 L&rsquo;objectif de cette boutique est de fournir du bien-\u00eatre \u00e0 toutes et \u00e0 tous, \u00e0 la port\u00e9e de toutes les bourses.\u00a0 Mais il nous arrive, lorsque nous cherchons des objets pour \u00e9toffer notre offre, de rencontrer des objets divinement beaux.\u00a0 Toujours dans l&rsquo;esprit et la philosophie de cette boutique de Lumi\u00e8re, nous vous pr\u00e9sentons des objets de pi\u00e9t\u00e9, ou des livres tr\u00e8s rares, ou des bijoux qu&rsquo;on ne trouve nulle part ailleurs, que nous avons n\u00e9goci\u00e9 pour vous.\u00a0 Car il arrive que des objets pr\u00e9cieux nous soient destin\u00e9s : ils doivent nous accompagner, comme un lien invisible, tiss\u00e9 par le karma, qui nous unirait \u00e0 eux.\u00a0 Des objets qui ont une belle histoire.\u00a0 Des objets que nous ne pr\u00e9sentons qu&rsquo;apr\u00e8s les avoir pass\u00e9s au crible de nos valeurs, analys\u00e9s au plan \u00e9nerg\u00e9tique, des objets \u00ab\u00a0propres\u00a0\u00bb spirituellement, qui apporteront \u00e0 votre quotidien, comme une touche de magie et d&rsquo;\u00e9l\u00e9vation.\u00a0 A s&rsquo;offrir ou \u00e0 offrir \u00e0 quelqu&rsquo;un de pr\u00e9cieux et rare. Et que la Lumi\u00e8re soit !<\/p>\t\t\t\t\t\t\t\t<\/div>\n\t\t\t\t<\/div>\n\t\t\t\t\t<\/div>\n\t\t\t\t<\/div>\n\t\t\t\t<\/div>\n\t\t","protected":false},"excerpt":{"rendered":"<p>Cette cat\u00e9gorie est r\u00e9serv\u00e9e aux objets uniques, rares, pr\u00e9cieux.\u00a0 L&rsquo;objectif de cette boutique est de fournir du bien-\u00eatre \u00e0 toutes et \u00e0 tous, \u00e0 la port\u00e9e de toutes les bourses.\u00a0 Mais il nous arrive, lorsque nous cherchons des objets pour \u00e9toffer notre offre, de rencontrer des objets divinement beaux.\u00a0 Toujours dans l&rsquo;esprit et la philosophie [&hellip;]<\/p>\n","protected":false},"author":2,"featured_media":0,"parent":0,"menu_order":0,"comment_status":"closed","ping_status":"closed","template":"","meta":{"footnotes":""},"class_list":["post-1665","page","type-page","status-publish","hentry"],"yoast_head":"<!-- This site is optimized with the Yoast SEO plugin v27.1.1 - https:\/\/yoast.com\/product\/yoast-seo-wordpress\/ -->\n<title>PIECES RARES - Spirit-US<\/title>\n<meta name=\"robots\" content=\"index, follow, max-snippet:-1, max-image-preview:large, max-video-preview:-1\" \/>\n<link rel=\"canonical\" href=\"https:\/\/www.spirit-us.eu\/index.php\/pieces-rares\/\" \/>\n<meta property=\"og:locale\" content=\"fr_FR\" \/>\n<meta property=\"og:type\" content=\"article\" \/>\n<meta property=\"og:title\" content=\"PIECES RARES - Spirit-US\" \/>\n<meta property=\"og:description\" content=\"Cette cat\u00e9gorie est r\u00e9serv\u00e9e aux objets uniques, rares, pr\u00e9cieux.\u00a0 L&rsquo;objectif de cette boutique est de fournir du bien-\u00eatre \u00e0 toutes et \u00e0 tous, \u00e0 la port\u00e9e de toutes les bourses.\u00a0 Mais il nous arrive, lorsque nous cherchons des objets pour \u00e9toffer notre offre, de rencontrer des objets divinement beaux.\u00a0 Toujours dans l&rsquo;esprit et la philosophie [&hellip;]\" \/>\n<meta property=\"og:url\" content=\"https:\/\/www.spirit-us.eu\/index.php\/pieces-rares\/\" \/>\n<meta property=\"og:site_name\" content=\"Spirit-US\" \/>\n<meta property=\"article:publisher\" content=\"https:\/\/www.facebook.com\/spirit.us.deum\" \/>\n<meta property=\"article:modified_time\" content=\"2025-05-23T10:42:35+00:00\" \/>\n<meta property=\"og:image\" content=\"https:\/\/www.spirit-us.eu\/wp-content\/uploads\/2025\/05\/Categorie-Objets-rares-uniques-1024x512.png\" \/>\n\t<meta property=\"og:image:width\" content=\"1024\" \/>\n\t<meta property=\"og:image:height\" content=\"512\" \/>\n\t<meta property=\"og:image:type\" content=\"image\/png\" \/>\n<meta name=\"twitter:card\" content=\"summary_large_image\" \/>\n<meta name=\"twitter:label1\" content=\"Dur\u00e9e de lecture estim\u00e9e\" \/>\n\t<meta name=\"twitter:data1\" content=\"1 minute\" \/>\n<script type=\"application\/ld+json\" class=\"yoast-schema-graph\">{\"@context\":\"https:\/\/schema.org\",\"@graph\":[{\"@type\":\"WebPage\",\"@id\":\"https:\/\/www.spirit-us.eu\/index.php\/pieces-rares\/\",\"url\":\"https:\/\/www.spirit-us.eu\/index.php\/pieces-rares\/\",\"name\":\"PIECES RARES - Spirit-US\",\"isPartOf\":{\"@id\":\"https:\/\/www.spirit-us.eu\/#website\"},\"primaryImageOfPage\":{\"@id\":\"https:\/\/www.spirit-us.eu\/index.php\/pieces-rares\/#primaryimage\"},\"image\":{\"@id\":\"https:\/\/www.spirit-us.eu\/index.php\/pieces-rares\/#primaryimage\"},\"thumbnailUrl\":\"https:\/\/www.spirit-us.eu\/wp-content\/uploads\/2025\/05\/Categorie-Objets-rares-uniques-1024x512.png\",\"datePublished\":\"2025-05-23T10:23:41+00:00\",\"dateModified\":\"2025-05-23T10:42:35+00:00\",\"breadcrumb\":{\"@id\":\"https:\/\/www.spirit-us.eu\/index.php\/pieces-rares\/#breadcrumb\"},\"inLanguage\":\"fr-FR\",\"potentialAction\":[{\"@type\":\"ReadAction\",\"target\":[\"https:\/\/www.spirit-us.eu\/index.php\/pieces-rares\/\"]}]},{\"@type\":\"ImageObject\",\"inLanguage\":\"fr-FR\",\"@id\":\"https:\/\/www.spirit-us.eu\/index.php\/pieces-rares\/#primaryimage\",\"url\":\"https:\/\/www.spirit-us.eu\/wp-content\/uploads\/2025\/05\/Categorie-Objets-rares-uniques-scaled.png\",\"contentUrl\":\"https:\/\/www.spirit-us.eu\/wp-content\/uploads\/2025\/05\/Categorie-Objets-rares-uniques-scaled.png\",\"width\":2560,\"height\":1280},{\"@type\":\"BreadcrumbList\",\"@id\":\"https:\/\/www.spirit-us.eu\/index.php\/pieces-rares\/#breadcrumb\",\"itemListElement\":[{\"@type\":\"ListItem\",\"position\":1,\"name\":\"Accueil\",\"item\":\"https:\/\/www.spirit-us.eu\/\"},{\"@type\":\"ListItem\",\"position\":2,\"name\":\"PIECES RARES\"}]},{\"@type\":\"WebSite\",\"@id\":\"https:\/\/www.spirit-us.eu\/#website\",\"url\":\"https:\/\/www.spirit-us.eu\/\",\"name\":\"Spirit-US\",\"description\":\"\",\"publisher\":{\"@id\":\"https:\/\/www.spirit-us.eu\/#organization\"},\"potentialAction\":[{\"@type\":\"SearchAction\",\"target\":{\"@type\":\"EntryPoint\",\"urlTemplate\":\"https:\/\/www.spirit-us.eu\/?s={search_term_string}\"},\"query-input\":{\"@type\":\"PropertyValueSpecification\",\"valueRequired\":true,\"valueName\":\"search_term_string\"}}],\"inLanguage\":\"fr-FR\"},{\"@type\":\"Organization\",\"@id\":\"https:\/\/www.spirit-us.eu\/#organization\",\"name\":\"Spirit-US\",\"url\":\"https:\/\/www.spirit-us.eu\/\",\"logo\":{\"@type\":\"ImageObject\",\"inLanguage\":\"fr-FR\",\"@id\":\"https:\/\/www.spirit-us.eu\/#\/schema\/logo\/image\/\",\"url\":\"https:\/\/www.spirit-us.eu\/wp-content\/uploads\/2025\/11\/logo-regarde-linterlocutrice-sans-arrriere-plan.jpg\",\"contentUrl\":\"https:\/\/www.spirit-us.eu\/wp-content\/uploads\/2025\/11\/logo-regarde-linterlocutrice-sans-arrriere-plan.jpg\",\"width\":1080,\"height\":1080,\"caption\":\"Spirit-US\"},\"image\":{\"@id\":\"https:\/\/www.spirit-us.eu\/#\/schema\/logo\/image\/\"},\"sameAs\":[\"https:\/\/www.facebook.com\/spirit.us.deum\"]}]}<\/script>\n<!-- \/ Yoast SEO plugin. -->","yoast_head_json":{"title":"PIECES RARES - Spirit-US","robots":{"index":"index","follow":"follow","max-snippet":"max-snippet:-1","max-image-preview":"max-image-preview:large","max-video-preview":"max-video-preview:-1"},"canonical":"https:\/\/www.spirit-us.eu\/index.php\/pieces-rares\/","og_locale":"fr_FR","og_type":"article","og_title":"PIECES RARES - Spirit-US","og_description":"Cette cat\u00e9gorie est r\u00e9serv\u00e9e aux objets uniques, rares, pr\u00e9cieux.\u00a0 L&rsquo;objectif de cette boutique est de fournir du bien-\u00eatre \u00e0 toutes et \u00e0 tous, \u00e0 la port\u00e9e de toutes les bourses.\u00a0 Mais il nous arrive, lorsque nous cherchons des objets pour \u00e9toffer notre offre, de rencontrer des objets divinement beaux.\u00a0 Toujours dans l&rsquo;esprit et la philosophie [&hellip;]","og_url":"https:\/\/www.spirit-us.eu\/index.php\/pieces-rares\/","og_site_name":"Spirit-US","article_publisher":"https:\/\/www.facebook.com\/spirit.us.deum","article_modified_time":"2025-05-23T10:42:35+00:00","og_image":[{"width":1024,"height":512,"url":"https:\/\/www.spirit-us.eu\/wp-content\/uploads\/2025\/05\/Categorie-Objets-rares-uniques-1024x512.png","type":"image\/png"}],"twitter_card":"summary_large_image","twitter_misc":{"Dur\u00e9e de lecture estim\u00e9e":"1 minute"},"schema":{"@context":"https:\/\/schema.org","@graph":[{"@type":"WebPage","@id":"https:\/\/www.spirit-us.eu\/index.php\/pieces-rares\/","url":"https:\/\/www.spirit-us.eu\/index.php\/pieces-rares\/","name":"PIECES RARES - Spirit-US","isPartOf":{"@id":"https:\/\/www.spirit-us.eu\/#website"},"primaryImageOfPage":{"@id":"https:\/\/www.spirit-us.eu\/index.php\/pieces-rares\/#primaryimage"},"image":{"@id":"https:\/\/www.spirit-us.eu\/index.php\/pieces-rares\/#primaryimage"},"thumbnailUrl":"https:\/\/www.spirit-us.eu\/wp-content\/uploads\/2025\/05\/Categorie-Objets-rares-uniques-1024x512.png","datePublished":"2025-05-23T10:23:41+00:00","dateModified":"2025-05-23T10:42:35+00:00","breadcrumb":{"@id":"https:\/\/www.spirit-us.eu\/index.php\/pieces-rares\/#breadcrumb"},"inLanguage":"fr-FR","potentialAction":[{"@type":"ReadAction","target":["https:\/\/www.spirit-us.eu\/index.php\/pieces-rares\/"]}]},{"@type":"ImageObject","inLanguage":"fr-FR","@id":"https:\/\/www.spirit-us.eu\/index.php\/pieces-rares\/#primaryimage","url":"https:\/\/www.spirit-us.eu\/wp-content\/uploads\/2025\/05\/Categorie-Objets-rares-uniques-scaled.png","contentUrl":"https:\/\/www.spirit-us.eu\/wp-content\/uploads\/2025\/05\/Categorie-Objets-rares-uniques-scaled.png","width":2560,"height":1280},{"@type":"BreadcrumbList","@id":"https:\/\/www.spirit-us.eu\/index.php\/pieces-rares\/#breadcrumb","itemListElement":[{"@type":"ListItem","position":1,"name":"Accueil","item":"https:\/\/www.spirit-us.eu\/"},{"@type":"ListItem","position":2,"name":"PIECES RARES"}]},{"@type":"WebSite","@id":"https:\/\/www.spirit-us.eu\/#website","url":"https:\/\/www.spirit-us.eu\/","name":"Spirit-US","description":"","publisher":{"@id":"https:\/\/www.spirit-us.eu\/#organization"},"potentialAction":[{"@type":"SearchAction","target":{"@type":"EntryPoint","urlTemplate":"https:\/\/www.spirit-us.eu\/?s={search_term_string}"},"query-input":{"@type":"PropertyValueSpecification","valueRequired":true,"valueName":"search_term_string"}}],"inLanguage":"fr-FR"},{"@type":"Organization","@id":"https:\/\/www.spirit-us.eu\/#organization","name":"Spirit-US","url":"https:\/\/www.spirit-us.eu\/","logo":{"@type":"ImageObject","inLanguage":"fr-FR","@id":"https:\/\/www.spirit-us.eu\/#\/schema\/logo\/image\/","url":"https:\/\/www.spirit-us.eu\/wp-content\/uploads\/2025\/11\/logo-regarde-linterlocutrice-sans-arrriere-plan.jpg","contentUrl":"https:\/\/www.spirit-us.eu\/wp-content\/uploads\/2025\/11\/logo-regarde-linterlocutrice-sans-arrriere-plan.jpg","width":1080,"height":1080,"caption":"Spirit-US"},"image":{"@id":"https:\/\/www.spirit-us.eu\/#\/schema\/logo\/image\/"},"sameAs":["https:\/\/www.facebook.com\/spirit.us.deum"]}]}},"jetpack_sharing_enabled":true,"_links":{"self":[{"href":"https:\/\/www.spirit-us.eu\/index.php\/wp-json\/wp\/v2\/pages\/1665","targetHints":{"allow":["GET"]}}],"collection":[{"href":"https:\/\/www.spirit-us.eu\/index.php\/wp-json\/wp\/v2\/pages"}],"about":[{"href":"https:\/\/www.spirit-us.eu\/index.php\/wp-json\/wp\/v2\/types\/page"}],"author":[{"embeddable":true,"href":"https:\/\/www.spirit-us.eu\/index.php\/wp-json\/wp\/v2\/users\/2"}],"replies":[{"embeddable":true,"href":"https:\/\/www.spirit-us.eu\/index.php\/wp-json\/wp\/v2\/comments?post=1665"}],"version-history":[{"count":4,"href":"https:\/\/www.spirit-us.eu\/index.php\/wp-json\/wp\/v2\/pages\/1665\/revisions"}],"predecessor-version":[{"id":1672,"href":"https:\/\/www.spirit-us.eu\/index.php\/wp-json\/wp\/v2\/pages\/1665\/revisions\/1672"}],"wp:attachment":[{"href":"https:\/\/www.spirit-us.eu\/index.php\/wp-json\/wp\/v2\/media?parent=1665"}],"curies":[{"name":"wp","href":"https:\/\/api.w.org\/{rel}","templated":true}]}}