{"id":1636,"date":"2025-05-23T10:26:22","date_gmt":"2025-05-23T08:26:22","guid":{"rendered":"https:\/\/www.spirit-us.eu\/?page_id=1636"},"modified":"2025-05-23T11:54:58","modified_gmt":"2025-05-23T09:54:58","slug":"energie-vitale-une-plante-miraculeuse","status":"publish","type":"page","link":"https:\/\/www.spirit-us.eu\/index.php\/energie-vitale-une-plante-miraculeuse\/","title":{"rendered":"ENERGIE VITALE\u00a0: UNE PLANTE MIRACULEUSE"},"content":{"rendered":"\t\t<div data-elementor-type=\"wp-page\" data-elementor-id=\"1636\" class=\"elementor elementor-1636\" data-elementor-post-type=\"page\">\n\t\t\t\t<div class=\"elementor-element elementor-element-857825c e-flex e-con-boxed e-con e-parent\" data-id=\"857825c\" data-element_type=\"container\" data-e-type=\"container\">\n\t\t\t\t\t<div class=\"e-con-inner\">\n\t\t\t\t<div class=\"elementor-element elementor-element-eccecfc elementor-widget elementor-widget-spacer\" data-id=\"eccecfc\" data-element_type=\"widget\" data-e-type=\"widget\" data-widget_type=\"spacer.default\">\n\t\t\t\t<div class=\"elementor-widget-container\">\n\t\t\t\t\t\t\t<div class=\"elementor-spacer\">\n\t\t\t<div class=\"elementor-spacer-inner\"><\/div>\n\t\t<\/div>\n\t\t\t\t\t\t<\/div>\n\t\t\t\t<\/div>\n\t\t\t\t<div class=\"elementor-element elementor-element-10e997a elementor-widget elementor-widget-heading\" data-id=\"10e997a\" data-element_type=\"widget\" data-e-type=\"widget\" data-widget_type=\"heading.default\">\n\t\t\t\t<div class=\"elementor-widget-container\">\n\t\t\t\t\t<h2 class=\"elementor-heading-title elementor-size-default\">ENERGIE VITALE : UNE PLANTE MIRACULEUSE<\/h2>\t\t\t\t<\/div>\n\t\t\t\t<\/div>\n\t\t\t\t\t<\/div>\n\t\t\t\t<\/div>\n\t\t<div class=\"elementor-element elementor-element-85e00f4 e-flex e-con-boxed e-con e-parent\" data-id=\"85e00f4\" data-element_type=\"container\" data-e-type=\"container\">\n\t\t\t\t\t<div class=\"e-con-inner\">\n\t\t\t\t<div class=\"elementor-element elementor-element-8def4b2 elementor-widget elementor-widget-spacer\" data-id=\"8def4b2\" data-element_type=\"widget\" data-e-type=\"widget\" data-widget_type=\"spacer.default\">\n\t\t\t\t<div class=\"elementor-widget-container\">\n\t\t\t\t\t\t\t<div class=\"elementor-spacer\">\n\t\t\t<div class=\"elementor-spacer-inner\"><\/div>\n\t\t<\/div>\n\t\t\t\t\t\t<\/div>\n\t\t\t\t<\/div>\n\t\t\t\t<div class=\"elementor-element elementor-element-74b3e0e elementor-widget elementor-widget-image\" data-id=\"74b3e0e\" data-element_type=\"widget\" data-e-type=\"widget\" data-widget_type=\"image.default\">\n\t\t\t\t<div class=\"elementor-widget-container\">\n\t\t\t\t\t\t\t\t\t\t\t\t\t\t\t<img fetchpriority=\"high\" decoding=\"async\" width=\"2560\" height=\"1280\" src=\"https:\/\/www.spirit-us.eu\/wp-content\/uploads\/2025\/05\/eleutherocoque-banniere-scaled.png\" class=\"attachment-full size-full wp-image-1661\" alt=\"\" srcset=\"https:\/\/www.spirit-us.eu\/wp-content\/uploads\/2025\/05\/eleutherocoque-banniere-scaled.png 2560w, https:\/\/www.spirit-us.eu\/wp-content\/uploads\/2025\/05\/eleutherocoque-banniere-300x150.png 300w, https:\/\/www.spirit-us.eu\/wp-content\/uploads\/2025\/05\/eleutherocoque-banniere-1024x512.png 1024w, https:\/\/www.spirit-us.eu\/wp-content\/uploads\/2025\/05\/eleutherocoque-banniere-768x384.png 768w, https:\/\/www.spirit-us.eu\/wp-content\/uploads\/2025\/05\/eleutherocoque-banniere-1536x768.png 1536w, https:\/\/www.spirit-us.eu\/wp-content\/uploads\/2025\/05\/eleutherocoque-banniere-2048x1024.png 2048w, https:\/\/www.spirit-us.eu\/wp-content\/uploads\/2025\/05\/eleutherocoque-banniere-1320x660.png 1320w, https:\/\/www.spirit-us.eu\/wp-content\/uploads\/2025\/05\/eleutherocoque-banniere-600x300.png 600w\" sizes=\"(max-width: 2560px) 100vw, 2560px\" \/>\t\t\t\t\t\t\t\t\t\t\t\t\t\t\t<\/div>\n\t\t\t\t<\/div>\n\t\t\t\t<div class=\"elementor-element elementor-element-23dbb96 elementor-widget elementor-widget-spacer\" data-id=\"23dbb96\" data-element_type=\"widget\" data-e-type=\"widget\" data-widget_type=\"spacer.default\">\n\t\t\t\t<div class=\"elementor-widget-container\">\n\t\t\t\t\t\t\t<div class=\"elementor-spacer\">\n\t\t\t<div class=\"elementor-spacer-inner\"><\/div>\n\t\t<\/div>\n\t\t\t\t\t\t<\/div>\n\t\t\t\t<\/div>\n\t\t\t\t\t<\/div>\n\t\t\t\t<\/div>\n\t\t<div class=\"elementor-element elementor-element-308618c e-flex e-con-boxed e-con e-parent\" data-id=\"308618c\" data-element_type=\"container\" data-e-type=\"container\">\n\t\t\t\t\t<div class=\"e-con-inner\">\n\t\t\t\t<div class=\"elementor-element elementor-element-24e6430 elementor-widget elementor-widget-text-editor\" data-id=\"24e6430\" data-element_type=\"widget\" data-e-type=\"widget\" data-widget_type=\"text-editor.default\">\n\t\t\t\t<div class=\"elementor-widget-container\">\n\t\t\t\t\t\t\t\t\t<p style=\"text-align: justify;\"><span style=\"color: #333399;\"><strong>Quelle est cette plante oubli\u00e9e\u00a0? <\/strong><\/span><\/p><p style=\"text-align: justify;\"><span style=\"color: #333399;\">On appelle cette plante oubli\u00e9e le <em>ginseng russe<\/em>. C\u2019est un arbuste \u00e9pineux, haut de 2 \u00e0 3 m\u00e8tres, qui donne des fruits semblables \u00e0 des m\u00fbres, fonc\u00e9es, violettes presque noires.\u00a0 De nombreuses \u00e9tudes cliniques ont d\u00e9montr\u00e9 que cette plante, connue des chamanes sacr\u00e9s des r\u00e9gions bor\u00e9ales jusque dans l\u2019Oural, est un revitalisant exceptionnel qui permet d\u2019accro\u00eetre les performances physiques\u00a0: sportives et intellectuelles.\u00a0 Consommer cette plante sous forme d\u2019infusions ou de teinture-m\u00e8re, donne une meilleure r\u00e9sistance au stress environnemental et circonstanciel.<\/span><\/p><p style=\"text-align: justify;\"><span style=\"color: #333399;\"><strong>Quand et comment consommer l\u2019\u00e9leuth\u00e9rocoque\u00a0?<\/strong><\/span><\/p><p style=\"text-align: justify;\"><span style=\"color: #333399;\">La plante est indiqu\u00e9e en cas de grande fatigue physique (on ne r\u00e9cup\u00e8re pas m\u00eame apr\u00e8s une nuit de sommeil)\u00a0; lorsqu\u2019on a besoin d\u2019un stimulant naturel avant des efforts cons\u00e9quents et lorsqu\u2019on surveille l\u2019apport nutritif, di\u00e9t\u00e9tique, avant l\u2019effort physique, sportif ou intellectuel.<\/span><\/p><p style=\"text-align: justify;\"><span style=\"color: #333399;\"><strong>Energie vitale et adaptation<\/strong><\/span><\/p><p style=\"text-align: justify;\"><span style=\"color: #333399;\">La plante contient des principes actifs qui aident \u00e0 ramener \u00e0 la normale les constantes physiologiques perturb\u00e9es par le stress, ou par certaines circonstances difficiles et pathog\u00e8nes qui viennent perturber le fonctionnement du corps. Cette plante miraculeuse restaure l\u2019hom\u00e9ostasie \u00e9nerg\u00e9tique, c\u2019est-\u00e0-dire, l\u2019\u00e9quilibre et l\u2019harmonie de l\u2019\u00e9nergie vitale.<\/span><\/p><p style=\"text-align: justify;\"><span style=\"color: #333399;\">La racine de l\u2019\u00e9leuth\u00e9rocoque contient des \u00e9l\u00e9ments qui permettent d\u2019augmenter la vitesse d\u2019ex\u00e9cution des t\u00e2ches qu\u2019on a \u00e0 accomplir, et la qualit\u00e9 des efforts \u00e0 fournir dans aussi bien au plan physique, qu\u2019au plan intellectuel.\u00a0 Ces principes actifs facilitent la r\u00e9sistance de l\u2019organisme \u00e0 l\u2019effort, et la r\u00e9cup\u00e9ration apr\u00e8s le travail.<\/span><\/p><p style=\"text-align: justify;\"><span style=\"color: #333399;\">Les cosmonautes russes l\u2019utilisent pour optimiser leur adaptation au milieu hostile de l\u2019espace.<\/span><\/p><p style=\"text-align: justify;\"><span style=\"color: #333399;\">L\u2019\u00e9leuth\u00e9rocoque stimule \u00e9galement le syst\u00e8me nerveux en permettant une augmentation de l\u2019effort de concentration et de m\u00e9moire\u00a0; elle poss\u00e8de enfin des propri\u00e9t\u00e9s immunostimulantes. Le renforcement de la r\u00e9sistance de l\u2019organisme est, gr\u00e2ce \u00e0 elle, constant, soutenu dans le temps et perdure m\u00eame apr\u00e8s l\u2019arr\u00eat de la consommation de cette plante puissante et bonne.<\/span><\/p><p style=\"text-align: justify;\"><span style=\"color: #333399;\"><strong>Associations et synergies<\/strong><\/span><\/p><p style=\"text-align: justify;\"><span style=\"color: #333399;\">En cas de grandes fatigues, on l\u2019associe \u00e0 la gel\u00e9e royale\u00a0; et pour une plus grande concentration dans les \u00e9tudes, pour booster la m\u00e9moire, on l\u2019associe au gingko biloba.<\/span><\/p><p style=\"text-align: justify;\"><span style=\"color: #333399;\">Et que votre belle \u00e9nergie soit\u00a0!<\/span><\/p>\t\t\t\t\t\t\t\t<\/div>\n\t\t\t\t<\/div>\n\t\t\t\t<div class=\"elementor-element elementor-element-c0bfd55 elementor-widget elementor-widget-text-editor\" data-id=\"c0bfd55\" data-element_type=\"widget\" data-e-type=\"widget\" data-widget_type=\"text-editor.default\">\n\t\t\t\t<div class=\"elementor-widget-container\">\n\t\t\t\t\t\t\t\t\t<p style=\"text-align: right;\"><span style=\"color: #333399;\"><em>Audrey<\/em><\/span>\u00a0<\/p>\t\t\t\t\t\t\t\t<\/div>\n\t\t\t\t<\/div>\n\t\t\t\t\t<\/div>\n\t\t\t\t<\/div>\n\t\t<div class=\"elementor-element elementor-element-1a92fe1 e-flex e-con-boxed e-con e-parent\" data-id=\"1a92fe1\" data-element_type=\"container\" data-e-type=\"container\">\n\t\t\t\t\t<div class=\"e-con-inner\">\n\t\t\t\t<div class=\"elementor-element elementor-element-4f2e290 elementor-widget elementor-widget-image\" data-id=\"4f2e290\" data-element_type=\"widget\" data-e-type=\"widget\" data-widget_type=\"image.default\">\n\t\t\t\t<div class=\"elementor-widget-container\">\n\t\t\t\t\t\t\t\t\t\t\t\t\t\t\t<img decoding=\"async\" src=\"https:\/\/www.spirit-us.eu\/wp-content\/uploads\/elementor\/thumbs\/colombe-transp-rcl0zvus38izlnhoxjzssush8n4d08egkrhxiz9w0c.png\" title=\"colombe-transp\" alt=\"colombe-transp\" loading=\"lazy\" \/>\t\t\t\t\t\t\t\t\t\t\t\t\t\t\t<\/div>\n\t\t\t\t<\/div>\n\t\t\t\t\t<\/div>\n\t\t\t\t<\/div>\n\t\t<div class=\"elementor-element elementor-element-d06828b e-flex e-con-boxed e-con e-parent\" data-id=\"d06828b\" data-element_type=\"container\" data-e-type=\"container\">\n\t\t\t\t\t<div class=\"e-con-inner\">\n\t\t\t\t<div class=\"elementor-element elementor-element-55caa1f elementor-grid-1 elementor-product-loop-item--align-center elementor-grid-tablet-3 elementor-grid-mobile-2 elementor-products-grid elementor-wc-products elementor-widget elementor-widget-woocommerce-products\" data-id=\"55caa1f\" data-element_type=\"widget\" data-e-type=\"widget\" data-widget_type=\"woocommerce-products.default\">\n\t\t\t\t<div class=\"elementor-widget-container\">\n\t\t\t\t\t<div class=\"woocommerce columns-1 \"><ul class=\"products elementor-grid columns-1\">\n<li class=\"product type-product post-1615 status-publish first instock product_cat-07-plantes-huiles-remedes product_cat-tous-les-produits product_tag-phytotherapie has-post-thumbnail shipping-taxable purchasable product-type-simple\">\n\t\r\n    <div class=\"td-product-thumb-image\">\r\n\t\t\t\t<img decoding=\"async\" width=\"300\" height=\"300\" src=\"https:\/\/www.spirit-us.eu\/wp-content\/uploads\/2025\/05\/eleutherocoque-image-produit-1-300x300.png\" class=\"attachment-woocommerce_thumbnail size-woocommerce_thumbnail\" alt=\"ENERGIE &amp; VITALITE - l&#039;Eleuth\u00e9rocoque\" srcset=\"https:\/\/www.spirit-us.eu\/wp-content\/uploads\/2025\/05\/eleutherocoque-image-produit-1-300x300.png 300w, https:\/\/www.spirit-us.eu\/wp-content\/uploads\/2025\/05\/eleutherocoque-image-produit-1-1024x1024.png 1024w, https:\/\/www.spirit-us.eu\/wp-content\/uploads\/2025\/05\/eleutherocoque-image-produit-1-150x150.png 150w, https:\/\/www.spirit-us.eu\/wp-content\/uploads\/2025\/05\/eleutherocoque-image-produit-1-768x768.png 768w, https:\/\/www.spirit-us.eu\/wp-content\/uploads\/2025\/05\/eleutherocoque-image-produit-1-1536x1536.png 1536w, https:\/\/www.spirit-us.eu\/wp-content\/uploads\/2025\/05\/eleutherocoque-image-produit-1-1320x1320.png 1320w, https:\/\/www.spirit-us.eu\/wp-content\/uploads\/2025\/05\/eleutherocoque-image-produit-1-600x600.png 600w, https:\/\/www.spirit-us.eu\/wp-content\/uploads\/2025\/05\/eleutherocoque-image-produit-1-100x100.png 100w, https:\/\/www.spirit-us.eu\/wp-content\/uploads\/2025\/05\/eleutherocoque-image-produit-1.png 1890w\" sizes=\"(max-width: 300px) 100vw, 300px\" \/>\r\n        <div class=\"td-product-thumb-buttons-wrapper\">\r\n            <div class=\"td-product-thumb-overlay\"><\/div>\r\n            <div class=\"td-product-thumb-buttons\">\r\n\r\n                <ul class=\"td-list-style td-list-inline\">\r\n                    <li class=\"td-shop-page-add-to-cart\"><a href=\"\/index.php\/wp-json\/wp\/v2\/pages\/1636?add-to-cart=1615\" aria-describedby=\"woocommerce_loop_add_to_cart_link_describedby_1615\" data-quantity=\"1\" class=\"button product_type_simple add_to_cart_button ajax_add_to_cart\" data-product_id=\"1615\" data-product_sku=\"\" aria-label=\"Ajouter au panier\u00a0: &ldquo;ENERGIE &amp; VITALITE - l&#039;Eleuth\u00e9rocoque&rdquo;\" rel=\"nofollow\" data-success_message=\"\u00ab\u00a0ENERGIE &amp; VITALITE - l&#039;Eleuth\u00e9rocoque\u00a0\u00bb a \u00e9t\u00e9 ajout\u00e9 \u00e0 votre panier\" role=\"button\">Ajouter au panier<\/a>\t<span id=\"woocommerce_loop_add_to_cart_link_describedby_1615\" class=\"screen-reader-text\">\n\t\t\t<\/span>\n<\/li>\r\n\t\t\t\t\t                        <li class=\"td-quick-view\"><a href=\"\" class=\"yith-wcqv-button\" data-product_id=\"1615\"><i class=\"flaticon-search-1\"><\/i><\/a><\/li>\r\n\t\t\t\t\t\t\t\t\t\t                        <li><div class=\"tinv-wraper woocommerce tinv-wishlist tinvwl-shortcode-add-to-cart tinvwl-woocommerce_after_shop_loop_item\"\r\n\t data-tinvwl_product_id=\"1615\">\r\n\t<div class=\"tinv-wishlist-clear\"><\/div><a role=\"button\" tabindex=\"0\" name=\"add-to-wishlist\" aria-label=\"Add to Wishlist\" class=\"tinvwl_add_to_wishlist_button tinvwl-icon-heart  tinvwl-position-after\" data-tinv-wl-list=\"[]\" data-tinv-wl-product=\"1615\" data-tinv-wl-productvariation=\"0\" data-tinv-wl-productvariations=\"[]\" data-tinv-wl-producttype=\"simple\" data-tinv-wl-action=\"add\"><span class=\"tinvwl_add_to_wishlist-text\">Add to Wishlist<\/span><\/a><div class=\"tinv-wishlist-clear\"><\/div>\t\t<div\r\n\t\tclass=\"tinvwl-tooltip\">Add to Wishlist<\/div>\r\n<\/div>\r\n<\/li>\r\n\t\t\t\t\t                <\/ul>\r\n            <\/div>\r\n        <\/div>\r\n    <\/div>\r\n\r\n    <div class=\"td-product-info-wrapper\">\r\n        <h3 class=\"woocommerce-product-title\">\r\n            <a href=\"https:\/\/www.spirit-us.eu\/index.php\/produit\/energie-1-vitalite-leleutherocoque\/\" >ENERGIE &#038; VITALITE &#8211; l&rsquo;Eleuth\u00e9rocoque<\/a>\r\n        <\/h3>\r\n\r\n\t\t\r\n\t\t\n\t<span class=\"price\"><span class=\"woocommerce-Price-amount amount\"><bdi>33,37&nbsp;<span class=\"woocommerce-Price-currencySymbol\">&euro;<\/span><\/bdi><\/span><\/span>\n\r\n\t\t\r\n\r\n    <\/div>\r\n    <div class=\"clear\"><\/div>\r\n\t<a href=\"#\" class=\"button yith-wcqv-button\" data-product_id=\"1615\">Vue Rapide<\/a><div class=\"tinv-wraper woocommerce tinv-wishlist tinvwl-after-add-to-cart tinvwl-loop-button-wrapper tinvwl-woocommerce_after_shop_loop_item\"\r\n\t data-tinvwl_product_id=\"1615\">\r\n\t<div class=\"tinv-wishlist-clear\"><\/div><a role=\"button\" tabindex=\"0\" name=\"add-to-wishlist\" aria-label=\"Add to Wishlist\" class=\"tinvwl_add_to_wishlist_button tinvwl-icon-heart  tinvwl-position-after tinvwl-loop\" data-tinv-wl-list=\"[]\" data-tinv-wl-product=\"1615\" data-tinv-wl-productvariation=\"0\" data-tinv-wl-productvariations=\"[]\" data-tinv-wl-producttype=\"simple\" data-tinv-wl-action=\"add\"><span class=\"tinvwl_add_to_wishlist-text\">Add to Wishlist<\/span><\/a><div class=\"tinv-wishlist-clear\"><\/div>\t\t<div\r\n\t\tclass=\"tinvwl-tooltip\">Add to Wishlist<\/div>\r\n<\/div>\r\n<\/li>\n<\/ul>\n<\/div>\t\t\t\t<\/div>\n\t\t\t\t<\/div>\n\t\t\t\t\t<\/div>\n\t\t\t\t<\/div>\n\t\t\t\t<\/div>\n\t\t","protected":false},"excerpt":{"rendered":"<p>ENERGIE VITALE : UNE PLANTE MIRACULEUSE Quelle est cette plante oubli\u00e9e\u00a0? On appelle cette plante oubli\u00e9e le ginseng russe. C\u2019est un arbuste \u00e9pineux, haut de 2 \u00e0 3 m\u00e8tres, qui donne des fruits semblables \u00e0 des m\u00fbres, fonc\u00e9es, violettes presque noires.\u00a0 De nombreuses \u00e9tudes cliniques ont d\u00e9montr\u00e9 que cette plante, connue des chamanes sacr\u00e9s des [&hellip;]<\/p>\n","protected":false},"author":2,"featured_media":0,"parent":0,"menu_order":0,"comment_status":"closed","ping_status":"closed","template":"","meta":{"footnotes":""},"class_list":["post-1636","page","type-page","status-publish","hentry"],"yoast_head":"<!-- This site is optimized with the Yoast SEO plugin v27.1.1 - https:\/\/yoast.com\/product\/yoast-seo-wordpress\/ -->\n<title>ENERGIE VITALE\u00a0: UNE PLANTE MIRACULEUSE - Spirit-US<\/title>\n<meta name=\"robots\" content=\"index, follow, max-snippet:-1, max-image-preview:large, max-video-preview:-1\" \/>\n<link rel=\"canonical\" href=\"https:\/\/www.spirit-us.eu\/index.php\/energie-vitale-une-plante-miraculeuse\/\" \/>\n<meta property=\"og:locale\" content=\"fr_FR\" \/>\n<meta property=\"og:type\" content=\"article\" \/>\n<meta property=\"og:title\" content=\"ENERGIE VITALE\u00a0: UNE PLANTE MIRACULEUSE - Spirit-US\" \/>\n<meta property=\"og:description\" content=\"ENERGIE VITALE : UNE PLANTE MIRACULEUSE Quelle est cette plante oubli\u00e9e\u00a0? On appelle cette plante oubli\u00e9e le ginseng russe. C\u2019est un arbuste \u00e9pineux, haut de 2 \u00e0 3 m\u00e8tres, qui donne des fruits semblables \u00e0 des m\u00fbres, fonc\u00e9es, violettes presque noires.\u00a0 De nombreuses \u00e9tudes cliniques ont d\u00e9montr\u00e9 que cette plante, connue des chamanes sacr\u00e9s des [&hellip;]\" \/>\n<meta property=\"og:url\" content=\"https:\/\/www.spirit-us.eu\/index.php\/energie-vitale-une-plante-miraculeuse\/\" \/>\n<meta property=\"og:site_name\" content=\"Spirit-US\" \/>\n<meta property=\"article:publisher\" content=\"https:\/\/www.facebook.com\/spirit.us.deum\" \/>\n<meta property=\"article:modified_time\" content=\"2025-05-23T09:54:58+00:00\" \/>\n<meta property=\"og:image\" content=\"https:\/\/www.spirit-us.eu\/wp-content\/uploads\/2025\/05\/eleutherocoque-banniere-1024x512.png\" \/>\n\t<meta property=\"og:image:width\" content=\"1024\" \/>\n\t<meta property=\"og:image:height\" content=\"512\" \/>\n\t<meta property=\"og:image:type\" content=\"image\/png\" \/>\n<meta name=\"twitter:card\" content=\"summary_large_image\" \/>\n<meta name=\"twitter:label1\" content=\"Dur\u00e9e de lecture estim\u00e9e\" \/>\n\t<meta name=\"twitter:data1\" content=\"2 minutes\" \/>\n<script type=\"application\/ld+json\" class=\"yoast-schema-graph\">{\"@context\":\"https:\/\/schema.org\",\"@graph\":[{\"@type\":\"WebPage\",\"@id\":\"https:\/\/www.spirit-us.eu\/index.php\/energie-vitale-une-plante-miraculeuse\/\",\"url\":\"https:\/\/www.spirit-us.eu\/index.php\/energie-vitale-une-plante-miraculeuse\/\",\"name\":\"ENERGIE VITALE\u00a0: UNE PLANTE MIRACULEUSE - Spirit-US\",\"isPartOf\":{\"@id\":\"https:\/\/www.spirit-us.eu\/#website\"},\"primaryImageOfPage\":{\"@id\":\"https:\/\/www.spirit-us.eu\/index.php\/energie-vitale-une-plante-miraculeuse\/#primaryimage\"},\"image\":{\"@id\":\"https:\/\/www.spirit-us.eu\/index.php\/energie-vitale-une-plante-miraculeuse\/#primaryimage\"},\"thumbnailUrl\":\"https:\/\/www.spirit-us.eu\/wp-content\/uploads\/2025\/05\/eleutherocoque-banniere-scaled.png\",\"datePublished\":\"2025-05-23T08:26:22+00:00\",\"dateModified\":\"2025-05-23T09:54:58+00:00\",\"breadcrumb\":{\"@id\":\"https:\/\/www.spirit-us.eu\/index.php\/energie-vitale-une-plante-miraculeuse\/#breadcrumb\"},\"inLanguage\":\"fr-FR\",\"potentialAction\":[{\"@type\":\"ReadAction\",\"target\":[\"https:\/\/www.spirit-us.eu\/index.php\/energie-vitale-une-plante-miraculeuse\/\"]}]},{\"@type\":\"ImageObject\",\"inLanguage\":\"fr-FR\",\"@id\":\"https:\/\/www.spirit-us.eu\/index.php\/energie-vitale-une-plante-miraculeuse\/#primaryimage\",\"url\":\"https:\/\/www.spirit-us.eu\/wp-content\/uploads\/2025\/05\/eleutherocoque-banniere-scaled.png\",\"contentUrl\":\"https:\/\/www.spirit-us.eu\/wp-content\/uploads\/2025\/05\/eleutherocoque-banniere-scaled.png\",\"width\":2560,\"height\":1280},{\"@type\":\"BreadcrumbList\",\"@id\":\"https:\/\/www.spirit-us.eu\/index.php\/energie-vitale-une-plante-miraculeuse\/#breadcrumb\",\"itemListElement\":[{\"@type\":\"ListItem\",\"position\":1,\"name\":\"Accueil\",\"item\":\"https:\/\/www.spirit-us.eu\/\"},{\"@type\":\"ListItem\",\"position\":2,\"name\":\"ENERGIE VITALE\u00a0: UNE PLANTE MIRACULEUSE\"}]},{\"@type\":\"WebSite\",\"@id\":\"https:\/\/www.spirit-us.eu\/#website\",\"url\":\"https:\/\/www.spirit-us.eu\/\",\"name\":\"Spirit-US\",\"description\":\"\",\"publisher\":{\"@id\":\"https:\/\/www.spirit-us.eu\/#organization\"},\"potentialAction\":[{\"@type\":\"SearchAction\",\"target\":{\"@type\":\"EntryPoint\",\"urlTemplate\":\"https:\/\/www.spirit-us.eu\/?s={search_term_string}\"},\"query-input\":{\"@type\":\"PropertyValueSpecification\",\"valueRequired\":true,\"valueName\":\"search_term_string\"}}],\"inLanguage\":\"fr-FR\"},{\"@type\":\"Organization\",\"@id\":\"https:\/\/www.spirit-us.eu\/#organization\",\"name\":\"Spirit-US\",\"url\":\"https:\/\/www.spirit-us.eu\/\",\"logo\":{\"@type\":\"ImageObject\",\"inLanguage\":\"fr-FR\",\"@id\":\"https:\/\/www.spirit-us.eu\/#\/schema\/logo\/image\/\",\"url\":\"https:\/\/www.spirit-us.eu\/wp-content\/uploads\/2025\/11\/logo-regarde-linterlocutrice-sans-arrriere-plan.jpg\",\"contentUrl\":\"https:\/\/www.spirit-us.eu\/wp-content\/uploads\/2025\/11\/logo-regarde-linterlocutrice-sans-arrriere-plan.jpg\",\"width\":1080,\"height\":1080,\"caption\":\"Spirit-US\"},\"image\":{\"@id\":\"https:\/\/www.spirit-us.eu\/#\/schema\/logo\/image\/\"},\"sameAs\":[\"https:\/\/www.facebook.com\/spirit.us.deum\"]}]}<\/script>\n<!-- \/ Yoast SEO plugin. -->","yoast_head_json":{"title":"ENERGIE VITALE\u00a0: UNE PLANTE MIRACULEUSE - Spirit-US","robots":{"index":"index","follow":"follow","max-snippet":"max-snippet:-1","max-image-preview":"max-image-preview:large","max-video-preview":"max-video-preview:-1"},"canonical":"https:\/\/www.spirit-us.eu\/index.php\/energie-vitale-une-plante-miraculeuse\/","og_locale":"fr_FR","og_type":"article","og_title":"ENERGIE VITALE\u00a0: UNE PLANTE MIRACULEUSE - Spirit-US","og_description":"ENERGIE VITALE : UNE PLANTE MIRACULEUSE Quelle est cette plante oubli\u00e9e\u00a0? On appelle cette plante oubli\u00e9e le ginseng russe. C\u2019est un arbuste \u00e9pineux, haut de 2 \u00e0 3 m\u00e8tres, qui donne des fruits semblables \u00e0 des m\u00fbres, fonc\u00e9es, violettes presque noires.\u00a0 De nombreuses \u00e9tudes cliniques ont d\u00e9montr\u00e9 que cette plante, connue des chamanes sacr\u00e9s des [&hellip;]","og_url":"https:\/\/www.spirit-us.eu\/index.php\/energie-vitale-une-plante-miraculeuse\/","og_site_name":"Spirit-US","article_publisher":"https:\/\/www.facebook.com\/spirit.us.deum","article_modified_time":"2025-05-23T09:54:58+00:00","og_image":[{"width":1024,"height":512,"url":"https:\/\/www.spirit-us.eu\/wp-content\/uploads\/2025\/05\/eleutherocoque-banniere-1024x512.png","type":"image\/png"}],"twitter_card":"summary_large_image","twitter_misc":{"Dur\u00e9e de lecture estim\u00e9e":"2 minutes"},"schema":{"@context":"https:\/\/schema.org","@graph":[{"@type":"WebPage","@id":"https:\/\/www.spirit-us.eu\/index.php\/energie-vitale-une-plante-miraculeuse\/","url":"https:\/\/www.spirit-us.eu\/index.php\/energie-vitale-une-plante-miraculeuse\/","name":"ENERGIE VITALE\u00a0: UNE PLANTE MIRACULEUSE - Spirit-US","isPartOf":{"@id":"https:\/\/www.spirit-us.eu\/#website"},"primaryImageOfPage":{"@id":"https:\/\/www.spirit-us.eu\/index.php\/energie-vitale-une-plante-miraculeuse\/#primaryimage"},"image":{"@id":"https:\/\/www.spirit-us.eu\/index.php\/energie-vitale-une-plante-miraculeuse\/#primaryimage"},"thumbnailUrl":"https:\/\/www.spirit-us.eu\/wp-content\/uploads\/2025\/05\/eleutherocoque-banniere-scaled.png","datePublished":"2025-05-23T08:26:22+00:00","dateModified":"2025-05-23T09:54:58+00:00","breadcrumb":{"@id":"https:\/\/www.spirit-us.eu\/index.php\/energie-vitale-une-plante-miraculeuse\/#breadcrumb"},"inLanguage":"fr-FR","potentialAction":[{"@type":"ReadAction","target":["https:\/\/www.spirit-us.eu\/index.php\/energie-vitale-une-plante-miraculeuse\/"]}]},{"@type":"ImageObject","inLanguage":"fr-FR","@id":"https:\/\/www.spirit-us.eu\/index.php\/energie-vitale-une-plante-miraculeuse\/#primaryimage","url":"https:\/\/www.spirit-us.eu\/wp-content\/uploads\/2025\/05\/eleutherocoque-banniere-scaled.png","contentUrl":"https:\/\/www.spirit-us.eu\/wp-content\/uploads\/2025\/05\/eleutherocoque-banniere-scaled.png","width":2560,"height":1280},{"@type":"BreadcrumbList","@id":"https:\/\/www.spirit-us.eu\/index.php\/energie-vitale-une-plante-miraculeuse\/#breadcrumb","itemListElement":[{"@type":"ListItem","position":1,"name":"Accueil","item":"https:\/\/www.spirit-us.eu\/"},{"@type":"ListItem","position":2,"name":"ENERGIE VITALE\u00a0: UNE PLANTE MIRACULEUSE"}]},{"@type":"WebSite","@id":"https:\/\/www.spirit-us.eu\/#website","url":"https:\/\/www.spirit-us.eu\/","name":"Spirit-US","description":"","publisher":{"@id":"https:\/\/www.spirit-us.eu\/#organization"},"potentialAction":[{"@type":"SearchAction","target":{"@type":"EntryPoint","urlTemplate":"https:\/\/www.spirit-us.eu\/?s={search_term_string}"},"query-input":{"@type":"PropertyValueSpecification","valueRequired":true,"valueName":"search_term_string"}}],"inLanguage":"fr-FR"},{"@type":"Organization","@id":"https:\/\/www.spirit-us.eu\/#organization","name":"Spirit-US","url":"https:\/\/www.spirit-us.eu\/","logo":{"@type":"ImageObject","inLanguage":"fr-FR","@id":"https:\/\/www.spirit-us.eu\/#\/schema\/logo\/image\/","url":"https:\/\/www.spirit-us.eu\/wp-content\/uploads\/2025\/11\/logo-regarde-linterlocutrice-sans-arrriere-plan.jpg","contentUrl":"https:\/\/www.spirit-us.eu\/wp-content\/uploads\/2025\/11\/logo-regarde-linterlocutrice-sans-arrriere-plan.jpg","width":1080,"height":1080,"caption":"Spirit-US"},"image":{"@id":"https:\/\/www.spirit-us.eu\/#\/schema\/logo\/image\/"},"sameAs":["https:\/\/www.facebook.com\/spirit.us.deum"]}]}},"jetpack_sharing_enabled":true,"_links":{"self":[{"href":"https:\/\/www.spirit-us.eu\/index.php\/wp-json\/wp\/v2\/pages\/1636","targetHints":{"allow":["GET"]}}],"collection":[{"href":"https:\/\/www.spirit-us.eu\/index.php\/wp-json\/wp\/v2\/pages"}],"about":[{"href":"https:\/\/www.spirit-us.eu\/index.php\/wp-json\/wp\/v2\/types\/page"}],"author":[{"embeddable":true,"href":"https:\/\/www.spirit-us.eu\/index.php\/wp-json\/wp\/v2\/users\/2"}],"replies":[{"embeddable":true,"href":"https:\/\/www.spirit-us.eu\/index.php\/wp-json\/wp\/v2\/comments?post=1636"}],"version-history":[{"count":21,"href":"https:\/\/www.spirit-us.eu\/index.php\/wp-json\/wp\/v2\/pages\/1636\/revisions"}],"predecessor-version":[{"id":1664,"href":"https:\/\/www.spirit-us.eu\/index.php\/wp-json\/wp\/v2\/pages\/1636\/revisions\/1664"}],"wp:attachment":[{"href":"https:\/\/www.spirit-us.eu\/index.php\/wp-json\/wp\/v2\/media?parent=1636"}],"curies":[{"name":"wp","href":"https:\/\/api.w.org\/{rel}","templated":true}]}}